{"id":315,"date":"2025-04-07T12:51:49","date_gmt":"2025-04-07T12:51:49","guid":{"rendered":"https:\/\/www.sowneo.com\/?page_id=315"},"modified":"2025-10-17T08:18:32","modified_gmt":"2025-10-17T08:18:32","slug":"services","status":"publish","type":"page","link":"https:\/\/www.sowneo.com\/en\/services\/","title":{"rendered":"Services"},"content":{"rendered":"<div data-elementor-type=\"wp-page\" data-elementor-id=\"315\" class=\"elementor elementor-315\" data-elementor-post-type=\"page\">\n\t\t\t\t<div class=\"elementor-element elementor-element-77a5d18 e-flex e-con-boxed e-con e-parent\" data-id=\"77a5d18\" data-element_type=\"container\" data-settings=\"{&quot;background_background&quot;:&quot;classic&quot;,&quot;shape_divider_bottom&quot;:&quot;opacity-tilt&quot;}\">\n\t\t\t\t\t<div class=\"e-con-inner\">\n\t\t\t\t<div class=\"elementor-shape elementor-shape-bottom\" aria-hidden=\"true\" data-negative=\"false\">\n\t\t\t<svg xmlns=\"http:\/\/www.w3.org\/2000\/svg\" viewbox=\"0 0 2600 131.1\" preserveaspectratio=\"none\">\n\t<path class=\"elementor-shape-fill\" d=\"M0 0L2600 0 2600 69.1 0 0z\"\/>\n\t<path class=\"elementor-shape-fill\" style=\"opacity:0.5\" d=\"M0 0L2600 0 2600 69.1 0 69.1z\"\/>\n\t<path class=\"elementor-shape-fill\" style=\"opacity:0.25\" d=\"M2600 0L0 0 0 130.1 2600 69.1z\"\/>\n<\/svg>\t\t<\/div>\n\t\t<div class=\"elementor-element elementor-element-10ad00e e-con-full e-flex e-con e-child\" data-id=\"10ad00e\" data-element_type=\"container\">\n\t\t\t\t<div class=\"elementor-element elementor-element-2352ae8 elementor-widget elementor-widget-spacer\" data-id=\"2352ae8\" data-element_type=\"widget\" data-widget_type=\"spacer.default\">\n\t\t\t\t<div class=\"elementor-widget-container\">\n\t\t\t\t\t\t\t<div class=\"elementor-spacer\">\n\t\t\t<div class=\"elementor-spacer-inner\"><\/div>\n\t\t<\/div>\n\t\t\t\t\t\t<\/div>\n\t\t\t\t<\/div>\n\t\t\t\t<div class=\"elementor-element elementor-element-afcdf13 elementor-invisible elementor-widget elementor-widget-heading\" data-id=\"afcdf13\" data-element_type=\"widget\" data-settings=\"{&quot;_animation&quot;:&quot;fadeInUp&quot;}\" data-widget_type=\"heading.default\">\n\t\t\t\t<div class=\"elementor-widget-container\">\n\t\t\t\t\t<h2 class=\"elementor-heading-title elementor-size-default\">Services<\/h2>\t\t\t\t<\/div>\n\t\t\t\t<\/div>\n\t\t\t\t<div class=\"elementor-element elementor-element-b35069d elementor-widget elementor-widget-spacer\" data-id=\"b35069d\" data-element_type=\"widget\" data-widget_type=\"spacer.default\">\n\t\t\t\t<div class=\"elementor-widget-container\">\n\t\t\t\t\t\t\t<div class=\"elementor-spacer\">\n\t\t\t<div class=\"elementor-spacer-inner\"><\/div>\n\t\t<\/div>\n\t\t\t\t\t\t<\/div>\n\t\t\t\t<\/div>\n\t\t\t\t<div class=\"elementor-element elementor-element-22023fe elementor-invisible elementor-widget elementor-widget-heading\" data-id=\"22023fe\" data-element_type=\"widget\" data-settings=\"{&quot;_animation&quot;:&quot;fadeInUp&quot;,&quot;_animation_delay&quot;:250}\" data-widget_type=\"heading.default\">\n\t\t\t\t<div class=\"elementor-widget-container\">\n\t\t\t\t\t<h2 class=\"elementor-heading-title elementor-size-default\">A wide range of expertise<\/h2>\t\t\t\t<\/div>\n\t\t\t\t<\/div>\n\t\t\t\t<div class=\"elementor-element elementor-element-0af638c elementor-invisible elementor-widget elementor-widget-text-editor\" data-id=\"0af638c\" data-element_type=\"widget\" data-settings=\"{&quot;_animation&quot;:&quot;fadeInUp&quot;,&quot;_animation_delay&quot;:250}\" data-widget_type=\"text-editor.default\">\n\t\t\t\t<div class=\"elementor-widget-container\">\n\t\t\t\t\t\t\t\t\t<p>We provide you with various skills related to our areas of expertise.<\/p>\t\t\t\t\t\t\t\t<\/div>\n\t\t\t\t<\/div>\n\t\t\t\t<div class=\"elementor-element elementor-element-20c4961 elementor-widget elementor-widget-spacer\" data-id=\"20c4961\" data-element_type=\"widget\" data-widget_type=\"spacer.default\">\n\t\t\t\t<div class=\"elementor-widget-container\">\n\t\t\t\t\t\t\t<div class=\"elementor-spacer\">\n\t\t\t<div class=\"elementor-spacer-inner\"><\/div>\n\t\t<\/div>\n\t\t\t\t\t\t<\/div>\n\t\t\t\t<\/div>\n\t\t<div class=\"elementor-element elementor-element-4fe473d e-con-full e-flex elementor-invisible e-con e-child\" data-id=\"4fe473d\" data-element_type=\"container\" data-settings=\"{&quot;animation&quot;:&quot;fadeInRight&quot;,&quot;animation_delay&quot;:500,&quot;background_background&quot;:&quot;classic&quot;}\">\n\t\t\t\t<div class=\"elementor-element elementor-element-aa3cfe5 elementor-widget elementor-widget-heading\" data-id=\"aa3cfe5\" data-element_type=\"widget\" data-widget_type=\"heading.default\">\n\t\t\t\t<div class=\"elementor-widget-container\">\n\t\t\t\t\t<h3 class=\"elementor-heading-title elementor-size-default\">Audit<\/h3>\t\t\t\t<\/div>\n\t\t\t\t<\/div>\n\t\t\t\t<div class=\"elementor-element elementor-element-adfec95 elementor-widget elementor-widget-text-editor\" data-id=\"adfec95\" data-element_type=\"widget\" data-widget_type=\"text-editor.default\">\n\t\t\t\t<div class=\"elementor-widget-container\">\n\t\t\t\t\t\t\t\t\t<p class=\"translation-block\"><strong>Sowneo<\/strong> conducts audits of <strong>information systems<\/strong> and reverse engineering of servers, web software, embedded software, and electronic systems, such as digital communication equipment, biometric systems, etc.<\/p><p>Examples of work:<\/p><ul><li class=\"translation-block\">In-production redesign, without <strong>service interruption<\/strong>, of a leading company\u2019s e-commerce site. The service was then migrated to a <strong>Sowneo instance<\/strong> with Fast CGI cache to achieve maximum performance;<\/li><li class=\"translation-block\">Functional <strong> reverse engineering<\/strong>  of the military version\u2014with redundant network connectivity\u2014of the electronic boards of the JS-Telecom STAT400 temporal telephone exchange.<\/li><\/ul>\t\t\t\t\t\t\t\t<\/div>\n\t\t\t\t<\/div>\n\t\t\t\t<\/div>\n\t\t<div class=\"elementor-element elementor-element-21c4b63 e-con-full e-flex elementor-invisible e-con e-child\" data-id=\"21c4b63\" data-element_type=\"container\" data-settings=\"{&quot;background_background&quot;:&quot;classic&quot;,&quot;animation&quot;:&quot;fadeInRight&quot;,&quot;animation_delay&quot;:550}\">\n\t\t\t\t<div class=\"elementor-element elementor-element-6938d8e elementor-widget elementor-widget-heading\" data-id=\"6938d8e\" data-element_type=\"widget\" data-widget_type=\"heading.default\">\n\t\t\t\t<div class=\"elementor-widget-container\">\n\t\t\t\t\t<h3 class=\"elementor-heading-title elementor-size-default\">Consulting<\/h3>\t\t\t\t<\/div>\n\t\t\t\t<\/div>\n\t\t\t\t<div class=\"elementor-element elementor-element-db9debe elementor-widget elementor-widget-text-editor\" data-id=\"db9debe\" data-element_type=\"widget\" data-widget_type=\"text-editor.default\">\n\t\t\t\t<div class=\"elementor-widget-container\">\n\t\t\t\t\t\t\t\t\t<p class=\"translation-block\">We can <strong>advise<\/strong> you on <strong>infrastructure<\/strong>, <strong>service delegation<\/strong>, <strong>managed services<\/strong>, <strong>Linux systems<\/strong>, <strong>open-source software<\/strong>, and development on all platforms\u2014PC, server, or embedded.<\/p><p class=\"translation-block\">Sowneo <strong>drafts specifications<\/strong> for infrastructure, software applications, and websites or e-commerce sites.<\/p>\t\t\t\t\t\t\t\t<\/div>\n\t\t\t\t<\/div>\n\t\t\t\t<\/div>\n\t\t<div class=\"elementor-element elementor-element-90d5a09 e-con-full e-flex elementor-invisible e-con e-child\" data-id=\"90d5a09\" data-element_type=\"container\" data-settings=\"{&quot;background_background&quot;:&quot;classic&quot;,&quot;animation&quot;:&quot;fadeInRight&quot;,&quot;animation_delay&quot;:600}\">\n\t\t\t\t<div class=\"elementor-element elementor-element-2d231d0 elementor-widget elementor-widget-heading\" data-id=\"2d231d0\" data-element_type=\"widget\" data-widget_type=\"heading.default\">\n\t\t\t\t<div class=\"elementor-widget-container\">\n\t\t\t\t\t<h3 class=\"elementor-heading-title elementor-size-default\">Training &amp; Course Planning<\/h3>\t\t\t\t<\/div>\n\t\t\t\t<\/div>\n\t\t\t\t<div class=\"elementor-element elementor-element-847ef80 elementor-widget elementor-widget-text-editor\" data-id=\"847ef80\" data-element_type=\"widget\" data-widget_type=\"text-editor.default\">\n\t\t\t\t<div class=\"elementor-widget-container\">\n\t\t\t\t\t\t\t\t\t<p class=\"translation-block\">Sowneo <strong>instructors<\/strong> have solid experience in <strong>training<\/strong>. In this regard, they tailor their services to your company\u2019s real-world cases. Our instructors also specialize in training-the-trainers and sensitive training (in career transition contexts).<\/p>\n<p>Sowneo can create your specific training plans and materials.<\/p>\n<p>Examples of training sessions: Our trainers have worked with SMEs, mid-sized businesses, and large accounts: banks, CEA, EDF, Ministries, SOPRA STERIA Formation, etc.<\/p>\t\t\t\t\t\t\t\t<\/div>\n\t\t\t\t<\/div>\n\t\t<div class=\"elementor-element elementor-element-da8c0ec e-con-full e-flex e-con e-child\" data-id=\"da8c0ec\" data-element_type=\"container\">\n\t\t<div class=\"elementor-element elementor-element-e48ad8d e-con-full e-flex e-con e-child\" data-id=\"e48ad8d\" data-element_type=\"container\">\n\t\t\t\t<div class=\"elementor-element elementor-element-63e5dab elementor-align-center elementor-widget elementor-widget-button\" data-id=\"63e5dab\" data-element_type=\"widget\" data-widget_type=\"button.default\">\n\t\t\t\t<div class=\"elementor-widget-container\">\n\t\t\t\t\t\t\t\t\t<div class=\"elementor-button-wrapper\">\n\t\t\t\t\t<a class=\"elementor-button elementor-button-link elementor-size-sm\" href=\"https:\/\/www.sowneo.com\/en\/training-design-methods\/\">\n\t\t\t\t\t\t<span class=\"elementor-button-content-wrapper\">\n\t\t\t\t\t\t\t\t\t<span class=\"elementor-button-text\">Training in design methods<\/span>\n\t\t\t\t\t<\/span>\n\t\t\t\t\t<\/a>\n\t\t\t\t<\/div>\n\t\t\t\t\t\t\t\t<\/div>\n\t\t\t\t<\/div>\n\t\t\t\t<\/div>\n\t\t<div class=\"elementor-element elementor-element-fef67cf e-con-full e-flex e-con e-child\" data-id=\"fef67cf\" data-element_type=\"container\">\n\t\t\t\t<div class=\"elementor-element elementor-element-aa59366 elementor-align-center elementor-widget elementor-widget-button\" data-id=\"aa59366\" data-element_type=\"widget\" data-widget_type=\"button.default\">\n\t\t\t\t<div class=\"elementor-widget-container\">\n\t\t\t\t\t\t\t\t\t<div class=\"elementor-button-wrapper\">\n\t\t\t\t\t<a class=\"elementor-button elementor-button-link elementor-size-sm\" href=\"https:\/\/www.sowneo.com\/en\/formation-langage-ada\/\">\n\t\t\t\t\t\t<span class=\"elementor-button-content-wrapper\">\n\t\t\t\t\t\t\t\t\t<span class=\"elementor-button-text\">Training in the Ada language<\/span>\n\t\t\t\t\t<\/span>\n\t\t\t\t\t<\/a>\n\t\t\t\t<\/div>\n\t\t\t\t\t\t\t\t<\/div>\n\t\t\t\t<\/div>\n\t\t\t\t<\/div>\n\t\t<div class=\"elementor-element elementor-element-82a41da e-con-full e-flex e-con e-child\" data-id=\"82a41da\" data-element_type=\"container\">\n\t\t\t\t<div class=\"elementor-element elementor-element-4488f8d elementor-align-center elementor-widget elementor-widget-button\" data-id=\"4488f8d\" data-element_type=\"widget\" data-widget_type=\"button.default\">\n\t\t\t\t<div class=\"elementor-widget-container\">\n\t\t\t\t\t\t\t\t\t<div class=\"elementor-button-wrapper\">\n\t\t\t\t\t<a class=\"elementor-button elementor-button-link elementor-size-sm\" href=\"https:\/\/www.sowneo.com\/en\/linux-system-training\/\">\n\t\t\t\t\t\t<span class=\"elementor-button-content-wrapper\">\n\t\t\t\t\t\t\t\t\t<span class=\"elementor-button-text\">Training in the Linux system<\/span>\n\t\t\t\t\t<\/span>\n\t\t\t\t\t<\/a>\n\t\t\t\t<\/div>\n\t\t\t\t\t\t\t\t<\/div>\n\t\t\t\t<\/div>\n\t\t\t\t<\/div>\n\t\t<div class=\"elementor-element elementor-element-0586ff8 e-con-full e-flex e-con e-child\" data-id=\"0586ff8\" data-element_type=\"container\">\n\t\t\t\t<div class=\"elementor-element elementor-element-347370e elementor-align-center elementor-widget elementor-widget-button\" data-id=\"347370e\" data-element_type=\"widget\" data-widget_type=\"button.default\">\n\t\t\t\t<div class=\"elementor-widget-container\">\n\t\t\t\t\t\t\t\t\t<div class=\"elementor-button-wrapper\">\n\t\t\t\t\t<a class=\"elementor-button elementor-button-link elementor-size-sm\" href=\"https:\/\/www.sowneo.com\/en\/open-source-software-training\/\">\n\t\t\t\t\t\t<span class=\"elementor-button-content-wrapper\">\n\t\t\t\t\t\t\t\t\t<span class=\"elementor-button-text\">Training in open-source software<\/span>\n\t\t\t\t\t<\/span>\n\t\t\t\t\t<\/a>\n\t\t\t\t<\/div>\n\t\t\t\t\t\t\t\t<\/div>\n\t\t\t\t<\/div>\n\t\t\t\t<\/div>\n\t\t\t\t<\/div>\n\t\t\t\t<\/div>\n\t\t<div class=\"elementor-element elementor-element-86b19f8 e-con-full e-flex elementor-invisible e-con e-child\" data-id=\"86b19f8\" data-element_type=\"container\" data-settings=\"{&quot;background_background&quot;:&quot;classic&quot;,&quot;animation&quot;:&quot;fadeInRight&quot;,&quot;animation_delay&quot;:650}\">\n\t\t\t\t<div class=\"elementor-element elementor-element-3184664 elementor-widget elementor-widget-heading\" data-id=\"3184664\" data-element_type=\"widget\" data-widget_type=\"heading.default\">\n\t\t\t\t<div class=\"elementor-widget-container\">\n\t\t\t\t\t<h3 class=\"elementor-heading-title elementor-size-default\">Manuals \u2013 Technical Writing \u2013 Translation<\/h3>\t\t\t\t<\/div>\n\t\t\t\t<\/div>\n\t\t\t\t<div class=\"elementor-element elementor-element-d973e71 elementor-widget elementor-widget-text-editor\" data-id=\"d973e71\" data-element_type=\"widget\" data-widget_type=\"text-editor.default\">\n\t\t\t\t<div class=\"elementor-widget-container\">\n\t\t\t\t\t\t\t\t\t<p class=\"translation-block\">Sowneo writers are highly experienced in producing <strong>user, service, and maintenance manuals<\/strong> in English and French.<\/p><p>Examples of work:<\/p><ul><li class=\"translation-block\">Operations manuals for the Cristal HF <strong>communication system<\/strong>, used internationally by <strong>NGO<\/strong>s, <strong>news agencies<\/strong>, <strong>companies<\/strong>, and <strong>armed forces<\/strong>;<\/li><li>Technical documentation for the Orian encrypted digital tactical network;<\/li><li>Writing of all manuals (over 1,000 pages, with plates and diagrams) for a temporal inter-branch military telephone exchange (CF-PP-4A), installed on the largest units of the French Navy and in strategic bases (Taverny, Drachebronn);<\/li><li>IT manuals for development environments and development frameworks.<\/li><\/ul>\t\t\t\t\t\t\t\t<\/div>\n\t\t\t\t<\/div>\n\t\t\t\t<\/div>\n\t\t<div class=\"elementor-element elementor-element-144bc76 e-con-full e-flex elementor-invisible e-con e-child\" data-id=\"144bc76\" data-element_type=\"container\" data-settings=\"{&quot;background_background&quot;:&quot;classic&quot;,&quot;animation&quot;:&quot;fadeInRight&quot;}\">\n\t\t\t\t<div class=\"elementor-element elementor-element-76169f6 elementor-widget elementor-widget-heading\" data-id=\"76169f6\" data-element_type=\"widget\" data-widget_type=\"heading.default\">\n\t\t\t\t<div class=\"elementor-widget-container\">\n\t\t\t\t\t<h3 class=\"elementor-heading-title elementor-size-default\">Preservation of Technological Heritage<\/h3>\t\t\t\t<\/div>\n\t\t\t\t<\/div>\n\t\t\t\t<div class=\"elementor-element elementor-element-49f3bae elementor-widget elementor-widget-text-editor\" data-id=\"49f3bae\" data-element_type=\"widget\" data-widget_type=\"text-editor.default\">\n\t\t\t\t<div class=\"elementor-widget-container\">\n\t\t\t\t\t\t\t\t\t<p>At the request of court-appointed administrators, Sowneo intervenes to safeguard the technological heritage of companies in difficulty.<\/p>\t\t\t\t\t\t\t\t<\/div>\n\t\t\t\t<\/div>\n\t\t\t\t<\/div>\n\t\t\t\t<div class=\"elementor-element elementor-element-20b8c33 elementor-widget elementor-widget-spacer\" data-id=\"20b8c33\" data-element_type=\"widget\" data-widget_type=\"spacer.default\">\n\t\t\t\t<div class=\"elementor-widget-container\">\n\t\t\t\t\t\t\t<div class=\"elementor-spacer\">\n\t\t\t<div class=\"elementor-spacer-inner\"><\/div>\n\t\t<\/div>\n\t\t\t\t\t\t<\/div>\n\t\t\t\t<\/div>\n\t\t\t\t<\/div>\n\t\t\t\t\t<\/div>\n\t\t\t\t<\/div>\n\t\t\t\t<\/div>","protected":false},"excerpt":{"rendered":"<p>Services Un \u00e9ventail d&rsquo;expertises Nous mettons \u00e0 votre disposition diff\u00e9rentes comp\u00e9tences en relation avec notre expertise. Audit Sowneo assure l&rsquo;audit de syst\u00e8mes d&rsquo;information et la r\u00e9tro-ing\u00e9nierie de serveurs, logiciels web, logiciels embarqu\u00e9s et syst\u00e8mes \u00e9lectroniques, tels que des \u00e9quipements de communication num\u00e9riques, des syst\u00e8mes biom\u00e9triques, etc. Exemples de r\u00e9alisation : Refonte en production, sans interruption [&hellip;]<\/p>\n","protected":false},"author":8,"featured_media":0,"parent":0,"menu_order":0,"comment_status":"closed","ping_status":"closed","template":"","meta":{"footnotes":""},"class_list":["post-315","page","type-page","status-publish","hentry"],"yoast_head":"<!-- This site is optimized with the Yoast SEO plugin v27.4 - https:\/\/yoast.com\/product\/yoast-seo-wordpress\/ -->\n<title>Services - Sowneo<\/title>\n<meta name=\"robots\" content=\"index, follow, max-snippet:-1, max-image-preview:large, max-video-preview:-1\" \/>\n<link rel=\"canonical\" href=\"https:\/\/www.sowneo.com\/en\/services\/\" \/>\n<meta property=\"og:locale\" content=\"en_GB\" \/>\n<meta property=\"og:type\" content=\"article\" \/>\n<meta property=\"og:title\" content=\"Services - Sowneo\" \/>\n<meta property=\"og:description\" content=\"Services Un \u00e9ventail d&rsquo;expertises Nous mettons \u00e0 votre disposition diff\u00e9rentes comp\u00e9tences en relation avec notre expertise. Audit Sowneo assure l&rsquo;audit de syst\u00e8mes d&rsquo;information et la r\u00e9tro-ing\u00e9nierie de serveurs, logiciels web, logiciels embarqu\u00e9s et syst\u00e8mes \u00e9lectroniques, tels que des \u00e9quipements de communication num\u00e9riques, des syst\u00e8mes biom\u00e9triques, etc. Exemples de r\u00e9alisation : Refonte en production, sans interruption [&hellip;]\" \/>\n<meta property=\"og:url\" content=\"https:\/\/www.sowneo.com\/en\/services\/\" \/>\n<meta property=\"og:site_name\" content=\"Sowneo\" \/>\n<meta property=\"article:modified_time\" content=\"2025-10-17T08:18:32+00:00\" \/>\n<meta name=\"twitter:card\" content=\"summary_large_image\" \/>\n<meta name=\"twitter:label1\" content=\"Estimated reading time\" \/>\n\t<meta name=\"twitter:data1\" content=\"2 minutes\" \/>\n<script type=\"application\/ld+json\" class=\"yoast-schema-graph\">{\"@context\":\"https:\\\/\\\/schema.org\",\"@graph\":[{\"@type\":\"WebPage\",\"@id\":\"https:\\\/\\\/www.sowneo.com\\\/services\\\/\",\"url\":\"https:\\\/\\\/www.sowneo.com\\\/services\\\/\",\"name\":\"Services - Sowneo\",\"isPartOf\":{\"@id\":\"https:\\\/\\\/www.sowneo.com\\\/#website\"},\"datePublished\":\"2025-04-07T12:51:49+00:00\",\"dateModified\":\"2025-10-17T08:18:32+00:00\",\"breadcrumb\":{\"@id\":\"https:\\\/\\\/www.sowneo.com\\\/services\\\/#breadcrumb\"},\"inLanguage\":\"en-GB\",\"potentialAction\":[{\"@type\":\"ReadAction\",\"target\":[\"https:\\\/\\\/www.sowneo.com\\\/services\\\/\"]}]},{\"@type\":\"BreadcrumbList\",\"@id\":\"https:\\\/\\\/www.sowneo.com\\\/services\\\/#breadcrumb\",\"itemListElement\":[{\"@type\":\"ListItem\",\"position\":1,\"name\":\"Home\",\"item\":\"https:\\\/\\\/www.sowneo.com\\\/\"},{\"@type\":\"ListItem\",\"position\":2,\"name\":\"Services\"}]},{\"@type\":\"WebSite\",\"@id\":\"https:\\\/\\\/www.sowneo.com\\\/#website\",\"url\":\"https:\\\/\\\/www.sowneo.com\\\/\",\"name\":\"Sowneo\",\"description\":\"Sowneo\",\"publisher\":{\"@id\":\"https:\\\/\\\/www.sowneo.com\\\/#organization\"},\"potentialAction\":[{\"@type\":\"SearchAction\",\"target\":{\"@type\":\"EntryPoint\",\"urlTemplate\":\"https:\\\/\\\/www.sowneo.com\\\/?s={search_term_string}\"},\"query-input\":{\"@type\":\"PropertyValueSpecification\",\"valueRequired\":true,\"valueName\":\"search_term_string\"}}],\"inLanguage\":\"en-GB\"},{\"@type\":\"Organization\",\"@id\":\"https:\\\/\\\/www.sowneo.com\\\/#organization\",\"name\":\"Sowneo\",\"url\":\"https:\\\/\\\/www.sowneo.com\\\/\",\"logo\":{\"@type\":\"ImageObject\",\"inLanguage\":\"en-GB\",\"@id\":\"https:\\\/\\\/www.sowneo.com\\\/#\\\/schema\\\/logo\\\/image\\\/\",\"url\":\"https:\\\/\\\/www.sowneo.com\\\/wp-content\\\/uploads\\\/logo-sowneo.png\",\"contentUrl\":\"https:\\\/\\\/www.sowneo.com\\\/wp-content\\\/uploads\\\/logo-sowneo.png\",\"width\":186,\"height\":127,\"caption\":\"Sowneo\"},\"image\":{\"@id\":\"https:\\\/\\\/www.sowneo.com\\\/#\\\/schema\\\/logo\\\/image\\\/\"}}]}<\/script>\n<!-- \/ Yoast SEO plugin. -->","yoast_head_json":{"title":"Services - Sowneo","robots":{"index":"index","follow":"follow","max-snippet":"max-snippet:-1","max-image-preview":"max-image-preview:large","max-video-preview":"max-video-preview:-1"},"canonical":"https:\/\/www.sowneo.com\/en\/services\/","og_locale":"en_GB","og_type":"article","og_title":"Services - Sowneo","og_description":"Services Un \u00e9ventail d&rsquo;expertises Nous mettons \u00e0 votre disposition diff\u00e9rentes comp\u00e9tences en relation avec notre expertise. Audit Sowneo assure l&rsquo;audit de syst\u00e8mes d&rsquo;information et la r\u00e9tro-ing\u00e9nierie de serveurs, logiciels web, logiciels embarqu\u00e9s et syst\u00e8mes \u00e9lectroniques, tels que des \u00e9quipements de communication num\u00e9riques, des syst\u00e8mes biom\u00e9triques, etc. Exemples de r\u00e9alisation : Refonte en production, sans interruption [&hellip;]","og_url":"https:\/\/www.sowneo.com\/en\/services\/","og_site_name":"Sowneo","article_modified_time":"2025-10-17T08:18:32+00:00","twitter_card":"summary_large_image","twitter_misc":{"Estimated reading time":"2 minutes"},"schema":{"@context":"https:\/\/schema.org","@graph":[{"@type":"WebPage","@id":"https:\/\/www.sowneo.com\/services\/","url":"https:\/\/www.sowneo.com\/services\/","name":"Services - Sowneo","isPartOf":{"@id":"https:\/\/www.sowneo.com\/#website"},"datePublished":"2025-04-07T12:51:49+00:00","dateModified":"2025-10-17T08:18:32+00:00","breadcrumb":{"@id":"https:\/\/www.sowneo.com\/services\/#breadcrumb"},"inLanguage":"en-GB","potentialAction":[{"@type":"ReadAction","target":["https:\/\/www.sowneo.com\/services\/"]}]},{"@type":"BreadcrumbList","@id":"https:\/\/www.sowneo.com\/services\/#breadcrumb","itemListElement":[{"@type":"ListItem","position":1,"name":"Home","item":"https:\/\/www.sowneo.com\/"},{"@type":"ListItem","position":2,"name":"Services"}]},{"@type":"WebSite","@id":"https:\/\/www.sowneo.com\/#website","url":"https:\/\/www.sowneo.com\/","name":"Sowneo","description":"Sowneo","publisher":{"@id":"https:\/\/www.sowneo.com\/#organization"},"potentialAction":[{"@type":"SearchAction","target":{"@type":"EntryPoint","urlTemplate":"https:\/\/www.sowneo.com\/?s={search_term_string}"},"query-input":{"@type":"PropertyValueSpecification","valueRequired":true,"valueName":"search_term_string"}}],"inLanguage":"en-GB"},{"@type":"Organization","@id":"https:\/\/www.sowneo.com\/#organization","name":"Sowneo","url":"https:\/\/www.sowneo.com\/","logo":{"@type":"ImageObject","inLanguage":"en-GB","@id":"https:\/\/www.sowneo.com\/#\/schema\/logo\/image\/","url":"https:\/\/www.sowneo.com\/wp-content\/uploads\/logo-sowneo.png","contentUrl":"https:\/\/www.sowneo.com\/wp-content\/uploads\/logo-sowneo.png","width":186,"height":127,"caption":"Sowneo"},"image":{"@id":"https:\/\/www.sowneo.com\/#\/schema\/logo\/image\/"}}]}},"_links":{"self":[{"href":"https:\/\/www.sowneo.com\/en\/wp-json\/wp\/v2\/pages\/315","targetHints":{"allow":["GET"]}}],"collection":[{"href":"https:\/\/www.sowneo.com\/en\/wp-json\/wp\/v2\/pages"}],"about":[{"href":"https:\/\/www.sowneo.com\/en\/wp-json\/wp\/v2\/types\/page"}],"author":[{"embeddable":true,"href":"https:\/\/www.sowneo.com\/en\/wp-json\/wp\/v2\/users\/8"}],"replies":[{"embeddable":true,"href":"https:\/\/www.sowneo.com\/en\/wp-json\/wp\/v2\/comments?post=315"}],"version-history":[{"count":5,"href":"https:\/\/www.sowneo.com\/en\/wp-json\/wp\/v2\/pages\/315\/revisions"}],"predecessor-version":[{"id":2095,"href":"https:\/\/www.sowneo.com\/en\/wp-json\/wp\/v2\/pages\/315\/revisions\/2095"}],"wp:attachment":[{"href":"https:\/\/www.sowneo.com\/en\/wp-json\/wp\/v2\/media?parent=315"}],"curies":[{"name":"wp","href":"https:\/\/api.w.org\/{rel}","templated":true}]}}