{"id":280,"date":"2025-04-01T12:47:38","date_gmt":"2025-04-01T12:47:38","guid":{"rendered":"https:\/\/www.sowneo.com\/?page_id=280"},"modified":"2025-10-20T08:03:38","modified_gmt":"2025-10-20T08:03:38","slug":"actualites","status":"publish","type":"page","link":"https:\/\/www.sowneo.com\/en\/actualites\/","title":{"rendered":"News"},"content":{"rendered":"<div data-elementor-type=\"wp-page\" data-elementor-id=\"280\" class=\"elementor elementor-280\" data-elementor-post-type=\"page\">\n\t\t\t\t<div class=\"elementor-element elementor-element-7ffe225 e-flex e-con-boxed e-con e-parent\" data-id=\"7ffe225\" data-element_type=\"container\">\n\t\t\t\t\t<div class=\"e-con-inner\">\n\t\t\t\t<div class=\"elementor-element elementor-element-a6cdecc elementor-widget elementor-widget-spacer\" data-id=\"a6cdecc\" data-element_type=\"widget\" data-widget_type=\"spacer.default\">\n\t\t\t\t<div class=\"elementor-widget-container\">\n\t\t\t\t\t\t\t<div class=\"elementor-spacer\">\n\t\t\t<div class=\"elementor-spacer-inner\"><\/div>\n\t\t<\/div>\n\t\t\t\t\t\t<\/div>\n\t\t\t\t<\/div>\n\t\t\t\t<div class=\"elementor-element elementor-element-596d0fe elementor-widget elementor-widget-heading\" data-id=\"596d0fe\" data-element_type=\"widget\" data-widget_type=\"heading.default\">\n\t\t\t\t<div class=\"elementor-widget-container\">\n\t\t\t\t\t<h1 class=\"elementor-heading-title elementor-size-default\">Sowneo Actualit\u00e9s<\/h1>\t\t\t\t<\/div>\n\t\t\t\t<\/div>\n\t\t\t\t<div class=\"elementor-element elementor-element-03418df elementor-widget elementor-widget-text-editor\" data-id=\"03418df\" data-element_type=\"widget\" data-widget_type=\"text-editor.default\">\n\t\t\t\t<div class=\"elementor-widget-container\">\n\t\t\t\t\t\t\t\t\t<p>Les <strong>actualit\u00e9s de Sowneo<\/strong> mettent en lumi\u00e8re nos avanc\u00e9es en <a href=\"https:\/\/www.sowneo.com\/en\/outsourcing\/\">infog\u00e9rance<\/a>, en <a href=\"https:\/\/www.sowneo.com\/en\/developpement-web-et-mobile\/\">d\u00e9veloppement logiciel<\/a> et en <a href=\"https:\/\/www.sowneo.com\/en\/servers-applications\/\">h\u00e9bergement haute performance.<\/a> <br \/>Vous y trouverez des analyses sur la gestion de clusters, l\u2019optimisation des temps de r\u00e9ponse, ainsi que nos initiatives pour renforcer la s\u00e9curit\u00e9, la fiabilit\u00e9 et l\u2019automatisation des infrastructures.<\/p>\t\t\t\t\t\t\t\t<\/div>\n\t\t\t\t<\/div>\n\t\t\t\t<div class=\"elementor-element elementor-element-ac4cbd1 elementor-grid-3 elementor-grid-tablet-2 elementor-grid-mobile-1 elementor-posts--thumbnail-top elementor-card-shadow-yes elementor-posts__hover-gradient elementor-widget elementor-widget-posts\" data-id=\"ac4cbd1\" data-element_type=\"widget\" data-settings=\"{&quot;pagination_type&quot;:&quot;numbers&quot;,&quot;cards_columns&quot;:&quot;3&quot;,&quot;cards_columns_tablet&quot;:&quot;2&quot;,&quot;cards_columns_mobile&quot;:&quot;1&quot;,&quot;cards_row_gap&quot;:{&quot;unit&quot;:&quot;px&quot;,&quot;size&quot;:35,&quot;sizes&quot;:[]},&quot;cards_row_gap_tablet&quot;:{&quot;unit&quot;:&quot;px&quot;,&quot;size&quot;:&quot;&quot;,&quot;sizes&quot;:[]},&quot;cards_row_gap_mobile&quot;:{&quot;unit&quot;:&quot;px&quot;,&quot;size&quot;:&quot;&quot;,&quot;sizes&quot;:[]},&quot;load_more_spinner&quot;:{&quot;value&quot;:&quot;fas fa-spinner&quot;,&quot;library&quot;:&quot;fa-solid&quot;}}\" data-widget_type=\"posts.cards\">\n\t\t\t\t<div class=\"elementor-widget-container\">\n\t\t\t\t\t\t\t<div class=\"elementor-posts-container elementor-posts elementor-posts--skin-cards elementor-grid\">\n\t\t\t\t<article class=\"elementor-post elementor-grid-item post-486 post type-post status-publish format-standard has-post-thumbnail hentry category-uncategorized\">\n\t\t\t<div class=\"elementor-post__card\">\n\t\t\t\t<a class=\"elementor-post__thumbnail__link\" href=\"https:\/\/www.sowneo.com\/en\/une-societe-sans-microsoft-part1\/\" tabindex=\"-1\" ><div class=\"elementor-post__thumbnail\"><img fetchpriority=\"high\" decoding=\"async\" width=\"764\" height=\"1080\" src=\"https:\/\/www.sowneo.com\/wp-content\/uploads\/sow-ldd-societe_sans_microsoft-764x1080web.png\" class=\"attachment-full size-full wp-image-499\" alt=\"\" srcset=\"https:\/\/www.sowneo.com\/wp-content\/uploads\/sow-ldd-societe_sans_microsoft-764x1080web.png 764w, https:\/\/www.sowneo.com\/wp-content\/uploads\/sow-ldd-societe_sans_microsoft-764x1080web-212x300.png 212w, https:\/\/www.sowneo.com\/wp-content\/uploads\/sow-ldd-societe_sans_microsoft-764x1080web-724x1024.png 724w, https:\/\/www.sowneo.com\/wp-content\/uploads\/sow-ldd-societe_sans_microsoft-764x1080web-8x12.png 8w\" sizes=\"(max-width: 764px) 100vw, 764px\" \/><\/div><\/a>\n\t\t\t\t<div class=\"elementor-post__text\">\n\t\t\t\t<h3 class=\"elementor-post__title\">\n\t\t\t<a href=\"https:\/\/www.sowneo.com\/en\/une-societe-sans-microsoft-part1\/\" >\n\t\t\t\tA Company Without Microsoft? 1\/2\t\t\t<\/a>\n\t\t<\/h3>\n\t\t\t\t<div class=\"elementor-post__excerpt\">\n\t\t\t<p>A choice...\nAfter using Microsoft Windows, Sowebio made the choice in 2018 to become a company built on free and open-source software. Why? Discover our analysis and approach.<\/p>\n\t\t<\/div>\n\t\t\n\t\t<a class=\"elementor-post__read-more\" href=\"https:\/\/www.sowneo.com\/en\/une-societe-sans-microsoft-part1\/\" aria-label=\"Read more about Une soci\u00e9t\u00e9 sans Microsoft ? 1\/2\" tabindex=\"-1\" >\n\t\t\tRead more \u00bb\t\t<\/a>\n\n\t\t\t\t<\/div>\n\t\t\t\t\t<\/div>\n\t\t<\/article>\n\t\t\t\t<article class=\"elementor-post elementor-grid-item post-596 post type-post status-publish format-standard has-post-thumbnail hentry category-uncategorized\">\n\t\t\t<div class=\"elementor-post__card\">\n\t\t\t\t<a class=\"elementor-post__thumbnail__link\" href=\"https:\/\/www.sowneo.com\/en\/une-societe-sans-microsoft-part2\/\" tabindex=\"-1\" ><div class=\"elementor-post__thumbnail\"><img fetchpriority=\"high\" decoding=\"async\" width=\"764\" height=\"1080\" src=\"https:\/\/www.sowneo.com\/wp-content\/uploads\/sow-ldd-societe_sans_microsoft-764x1080web.png\" class=\"attachment-full size-full wp-image-499\" alt=\"\" srcset=\"https:\/\/www.sowneo.com\/wp-content\/uploads\/sow-ldd-societe_sans_microsoft-764x1080web.png 764w, https:\/\/www.sowneo.com\/wp-content\/uploads\/sow-ldd-societe_sans_microsoft-764x1080web-212x300.png 212w, https:\/\/www.sowneo.com\/wp-content\/uploads\/sow-ldd-societe_sans_microsoft-764x1080web-724x1024.png 724w, https:\/\/www.sowneo.com\/wp-content\/uploads\/sow-ldd-societe_sans_microsoft-764x1080web-8x12.png 8w\" sizes=\"(max-width: 764px) 100vw, 764px\" \/><\/div><\/a>\n\t\t\t\t<div class=\"elementor-post__text\">\n\t\t\t\t<h3 class=\"elementor-post__title\">\n\t\t\t<a href=\"https:\/\/www.sowneo.com\/en\/une-societe-sans-microsoft-part2\/\" >\n\t\t\t\tA Company without Microsoft? 2\/2\t\t\t<\/a>\n\t\t<\/h3>\n\t\t\t\t<div class=\"elementor-post__excerpt\">\n\t\t\t<p>Free Software, the Unknown\nAfter having stated in the previous part that Microsoft is a symbol, the title of this article remains deliberately ambiguous.<\/p>\n\t\t<\/div>\n\t\t\n\t\t<a class=\"elementor-post__read-more\" href=\"https:\/\/www.sowneo.com\/en\/une-societe-sans-microsoft-part2\/\" aria-label=\"Read more about Une soci\u00e9t\u00e9 sans Microsoft ? 2\/2\" tabindex=\"-1\" >\n\t\t\tRead more \u00bb\t\t<\/a>\n\n\t\t\t\t<\/div>\n\t\t\t\t\t<\/div>\n\t\t<\/article>\n\t\t\t\t<article class=\"elementor-post elementor-grid-item post-607 post type-post status-publish format-standard has-post-thumbnail hentry category-uncategorized\">\n\t\t\t<div class=\"elementor-post__card\">\n\t\t\t\t<a class=\"elementor-post__thumbnail__link\" href=\"https:\/\/www.sowneo.com\/en\/rapidite-site-web\/\" tabindex=\"-1\" ><div class=\"elementor-post__thumbnail\"><img decoding=\"async\" width=\"300\" height=\"300\" src=\"https:\/\/www.sowneo.com\/wp-content\/uploads\/sow-ldd-gauge-300x300web.png\" class=\"attachment-full size-full wp-image-626\" alt=\"\" srcset=\"https:\/\/www.sowneo.com\/wp-content\/uploads\/sow-ldd-gauge-300x300web.png 300w, https:\/\/www.sowneo.com\/wp-content\/uploads\/sow-ldd-gauge-300x300web-150x150.png 150w, https:\/\/www.sowneo.com\/wp-content\/uploads\/sow-ldd-gauge-300x300web-12x12.png 12w\" sizes=\"(max-width: 300px) 100vw, 300px\" \/><\/div><\/a>\n\t\t\t\t<div class=\"elementor-post__text\">\n\t\t\t\t<h3 class=\"elementor-post__title\">\n\t\t\t<a href=\"https:\/\/www.sowneo.com\/en\/rapidite-site-web\/\" >\n\t\t\t\tUnlimited Internet Speed\t\t\t<\/a>\n\t\t<\/h3>\n\t\t\t\t<div class=\"elementor-post__excerpt\">\n\t\t\t<p>There is no speed limit on the Internet. In this hyper-connected world where everyone wants access all the time, high-speed connection<\/p>\n\t\t<\/div>\n\t\t\n\t\t<a class=\"elementor-post__read-more\" href=\"https:\/\/www.sowneo.com\/en\/rapidite-site-web\/\" aria-label=\"Read more about Vitesse non limit\u00e9e sur le Web\" tabindex=\"-1\" >\n\t\t\tRead more \u00bb\t\t<\/a>\n\n\t\t\t\t<\/div>\n\t\t\t\t\t<\/div>\n\t\t<\/article>\n\t\t\t\t<article class=\"elementor-post elementor-grid-item post-612 post type-post status-publish format-standard has-post-thumbnail hentry category-uncategorized\">\n\t\t\t<div class=\"elementor-post__card\">\n\t\t\t\t<a class=\"elementor-post__thumbnail__link\" href=\"https:\/\/www.sowneo.com\/en\/acmemgr-sh-un-orchestrateur-de-certificats-tls\/\" tabindex=\"-1\" ><div class=\"elementor-post__thumbnail\"><img decoding=\"async\" width=\"693\" height=\"664\" src=\"https:\/\/www.sowneo.com\/wp-content\/uploads\/acmemgr.fig1_.png\" class=\"attachment-full size-full wp-image-620\" alt=\"ACMEMGR.SH\" srcset=\"https:\/\/www.sowneo.com\/wp-content\/uploads\/acmemgr.fig1_.png 693w, https:\/\/www.sowneo.com\/wp-content\/uploads\/acmemgr.fig1_-300x287.png 300w, https:\/\/www.sowneo.com\/wp-content\/uploads\/acmemgr.fig1_-13x12.png 13w\" sizes=\"(max-width: 693px) 100vw, 693px\" \/><\/div><\/a>\n\t\t\t\t<div class=\"elementor-post__text\">\n\t\t\t\t<h3 class=\"elementor-post__title\">\n\t\t\t<a href=\"https:\/\/www.sowneo.com\/en\/acmemgr-sh-un-orchestrateur-de-certificats-tls\/\" >\n\t\t\t\tACMEMGR.SH: a TLS certificate orchestrator\t\t\t<\/a>\n\t\t<\/h3>\n\t\t\t\t<div class=\"elementor-post__excerpt\">\n\t\t\t<p>ACMEMGR.SH is an ACME.SH manager for unlimited CERTS, TLS services, hosts<\/p>\n\t\t<\/div>\n\t\t\n\t\t<a class=\"elementor-post__read-more\" href=\"https:\/\/www.sowneo.com\/en\/acmemgr-sh-un-orchestrateur-de-certificats-tls\/\" aria-label=\"Read more about ACMEMGR.SH : un orchestrateur de certificats TLS\" tabindex=\"-1\" >\n\t\t\tRead more \u00bb\t\t<\/a>\n\n\t\t\t\t<\/div>\n\t\t\t\t\t<\/div>\n\t\t<\/article>\n\t\t\t\t<article class=\"elementor-post elementor-grid-item post-637 post type-post status-publish format-standard has-post-thumbnail hentry category-uncategorized\">\n\t\t\t<div class=\"elementor-post__card\">\n\t\t\t\t<a class=\"elementor-post__thumbnail__link\" href=\"https:\/\/www.sowneo.com\/en\/incendie-ovh-strasbourg\/\" tabindex=\"-1\" ><div class=\"elementor-post__thumbnail\"><img loading=\"lazy\" decoding=\"async\" width=\"1080\" height=\"608\" src=\"https:\/\/www.sowneo.com\/wp-content\/uploads\/sow-sdis67-sbg2_nuit-1080x608web-1.jpg\" class=\"attachment-full size-full wp-image-2285\" alt=\"\" \/><\/div><\/a>\n\t\t\t\t<div class=\"elementor-post__text\">\n\t\t\t\t<h3 class=\"elementor-post__title\">\n\t\t\t<a href=\"https:\/\/www.sowneo.com\/en\/incendie-ovh-strasbourg\/\" >\n\t\t\t\tOVH Strasbourg Fire \u2013 10\/03\/2021\t\t\t<\/a>\n\t\t<\/h3>\n\t\t\t\t<div class=\"elementor-post__excerpt\">\n\t\t\t<p>Zero Sowebio Clients Impacted<br>\nWe fully renew our trust in OVH during this challenging time, through our servers hosted at OVH<\/p>\n\t\t<\/div>\n\t\t\n\t\t<a class=\"elementor-post__read-more\" href=\"https:\/\/www.sowneo.com\/en\/incendie-ovh-strasbourg\/\" aria-label=\"Read more about Incendie OVH Strasbourg 10\/03\/2021\" tabindex=\"-1\" >\n\t\t\tRead more \u00bb\t\t<\/a>\n\n\t\t\t\t<\/div>\n\t\t\t\t\t<\/div>\n\t\t<\/article>\n\t\t\t\t<\/div>\n\t\t\n\t\t\t\t\t\t<\/div>\n\t\t\t\t<\/div>\n\t\t\t\t\t<\/div>\n\t\t\t\t<\/div>\n\t\t<div class=\"elementor-element elementor-element-a434af5 e-flex e-con-boxed e-con e-parent\" data-id=\"a434af5\" data-element_type=\"container\">\n\t\t\t\t\t<div class=\"e-con-inner\">\n\t\t\t\t<div class=\"elementor-element elementor-element-9fa43df elementor-widget elementor-widget-spacer\" data-id=\"9fa43df\" data-element_type=\"widget\" data-widget_type=\"spacer.default\">\n\t\t\t\t<div class=\"elementor-widget-container\">\n\t\t\t\t\t\t\t<div class=\"elementor-spacer\">\n\t\t\t<div class=\"elementor-spacer-inner\"><\/div>\n\t\t<\/div>\n\t\t\t\t\t\t<\/div>\n\t\t\t\t<\/div>\n\t\t\t\t<div class=\"elementor-element elementor-element-2b1a867 elementor-widget elementor-widget-heading\" data-id=\"2b1a867\" data-element_type=\"widget\" data-widget_type=\"heading.default\">\n\t\t\t\t<div class=\"elementor-widget-container\">\n\t\t\t\t\t<h2 class=\"elementor-heading-title elementor-size-default\">Sowneo Actualit\u00e9s<\/h2>\t\t\t\t<\/div>\n\t\t\t\t<\/div>\n\t\t\t\t<div class=\"elementor-element elementor-element-09e5b88 elementor-widget elementor-widget-text-editor\" data-id=\"09e5b88\" data-element_type=\"widget\" data-widget_type=\"text-editor.default\">\n\t\t\t\t<div class=\"elementor-widget-container\">\n\t\t\t\t\t\t\t\t\t<p><a href=\"https:\/\/www.sowneo.com\/en\/contact\/\">Contactez-nous pour toute demande d&rsquo;\u00e9tude ou devis.<\/a><\/p>\t\t\t\t\t\t\t\t<\/div>\n\t\t\t\t<\/div>\n\t\t\t\t<div class=\"elementor-element elementor-element-a989a47 elementor-align-center elementor-widget elementor-widget-button\" data-id=\"a989a47\" data-element_type=\"widget\" data-widget_type=\"button.default\">\n\t\t\t\t<div class=\"elementor-widget-container\">\n\t\t\t\t\t\t\t\t\t<div class=\"elementor-button-wrapper\">\n\t\t\t\t\t<a class=\"elementor-button elementor-button-link elementor-size-sm\" href=\"https:\/\/www.sowneo.com\/en\/contact\/\">\n\t\t\t\t\t\t<span class=\"elementor-button-content-wrapper\">\n\t\t\t\t\t\t\t\t\t<span class=\"elementor-button-text\">Contactez-nous<\/span>\n\t\t\t\t\t<\/span>\n\t\t\t\t\t<\/a>\n\t\t\t\t<\/div>\n\t\t\t\t\t\t\t\t<\/div>\n\t\t\t\t<\/div>\n\t\t\t\t\t<\/div>\n\t\t\t\t<\/div>\n\t\t<div class=\"elementor-element elementor-element-7f8f7bf e-flex e-con-boxed e-con e-parent\" data-id=\"7f8f7bf\" data-element_type=\"container\">\n\t\t\t\t\t<div class=\"e-con-inner\">\n\t\t<div class=\"elementor-element elementor-element-382d97f e-con-full e-flex e-con e-child\" data-id=\"382d97f\" data-element_type=\"container\">\n\t\t\t\t<div class=\"elementor-element elementor-element-5185dbe elementor-widget elementor-widget-image\" data-id=\"5185dbe\" data-element_type=\"widget\" data-widget_type=\"image.default\">\n\t\t\t\t<div class=\"elementor-widget-container\">\n\t\t\t\t\t\t\t\t\t\t\t\t\t\t\t<img loading=\"lazy\" decoding=\"async\" width=\"800\" height=\"422\" src=\"https:\/\/www.sowneo.com\/wp-content\/uploads\/sow-client2-sowneo-800x422web.webp\" class=\"attachment-full size-full wp-image-1462\" alt=\"Sowneo Actualit\u00e9s\" \/>\t\t\t\t\t\t\t\t\t\t\t\t\t\t\t<\/div>\n\t\t\t\t<\/div>\n\t\t\t\t<\/div>\n\t\t<div class=\"elementor-element elementor-element-aa93c64 e-con-full e-flex e-con e-child\" data-id=\"aa93c64\" data-element_type=\"container\">\n\t\t\t\t<div class=\"elementor-element elementor-element-0555b33 elementor-widget elementor-widget-image\" data-id=\"0555b33\" data-element_type=\"widget\" data-widget_type=\"image.default\">\n\t\t\t\t<div class=\"elementor-widget-container\">\n\t\t\t\t\t\t\t\t\t\t\t\t\t\t\t<img loading=\"lazy\" decoding=\"async\" width=\"800\" height=\"534\" src=\"https:\/\/www.sowneo.com\/wp-content\/uploads\/sow-client4-sowneo-800x534web.webp\" class=\"attachment-large size-large wp-image-1477\" alt=\"Sowneo Actualit\u00e9s\" \/>\t\t\t\t\t\t\t\t\t\t\t\t\t\t\t<\/div>\n\t\t\t\t<\/div>\n\t\t\t\t<\/div>\n\t\t<div class=\"elementor-element elementor-element-7c1e7fa e-con-full e-flex e-con e-child\" data-id=\"7c1e7fa\" data-element_type=\"container\">\n\t\t\t\t<div class=\"elementor-element elementor-element-edf96d2 elementor-widget elementor-widget-image\" data-id=\"edf96d2\" data-element_type=\"widget\" data-widget_type=\"image.default\">\n\t\t\t\t<div class=\"elementor-widget-container\">\n\t\t\t\t\t\t\t\t\t\t\t\t\t\t\t<img loading=\"lazy\" decoding=\"async\" width=\"800\" height=\"422\" src=\"https:\/\/www.sowneo.com\/wp-content\/uploads\/sow-client-sowneo-800x422web.webp\" class=\"attachment-large size-large wp-image-1463\" alt=\"Sowneo Actualit\u00e9s\" \/>\t\t\t\t\t\t\t\t\t\t\t\t\t\t\t<\/div>\n\t\t\t\t<\/div>\n\t\t\t\t<\/div>\n\t\t<div class=\"elementor-element elementor-element-a52fc6a e-con-full e-flex e-con e-child\" data-id=\"a52fc6a\" data-element_type=\"container\">\n\t\t\t\t<div class=\"elementor-element elementor-element-96f8e76 elementor-widget elementor-widget-image\" data-id=\"96f8e76\" data-element_type=\"widget\" data-widget_type=\"image.default\">\n\t\t\t\t<div class=\"elementor-widget-container\">\n\t\t\t\t\t\t\t\t\t\t\t\t\t\t\t<img loading=\"lazy\" decoding=\"async\" width=\"800\" height=\"450\" src=\"https:\/\/www.sowneo.com\/wp-content\/uploads\/sow-client3-sowneo-800x422web.webp\" class=\"attachment-full size-full wp-image-1476\" alt=\"Sowneo Actualit\u00e9s\" \/>\t\t\t\t\t\t\t\t\t\t\t\t\t\t\t<\/div>\n\t\t\t\t<\/div>\n\t\t\t\t<\/div>\n\t\t\t\t\t<\/div>\n\t\t\t\t<\/div>\n\t\t<div class=\"elementor-element elementor-element-a700dfc e-flex e-con-boxed e-con e-parent\" data-id=\"a700dfc\" data-element_type=\"container\">\n\t\t\t\t\t<div class=\"e-con-inner\">\n\t\t\t\t<div class=\"elementor-element elementor-element-88f9677 elementor-widget elementor-widget-text-editor\" data-id=\"88f9677\" data-element_type=\"widget\" data-widget_type=\"text-editor.default\">\n\t\t\t\t<div class=\"elementor-widget-container\">\n\t\t\t\t\t\t\t\t\t<p><em>Sowneo est une marque commerciale de la soci\u00e9t\u00e9 <a href=\"https:\/\/www.soweb.io\/\" target=\"_blank\" rel=\"noopener\">Sowebio.<\/a><\/em><\/p>\t\t\t\t\t\t\t\t<\/div>\n\t\t\t\t<\/div>\n\t\t\t\t\t<\/div>\n\t\t\t\t<\/div>\n\t\t\t\t<\/div>","protected":false},"excerpt":{"rendered":"<p>Sowneo Actualit\u00e9s Les actualit\u00e9s de Sowneo mettent en lumi\u00e8re nos avanc\u00e9es en infog\u00e9rance, en d\u00e9veloppement logiciel et en h\u00e9bergement haute performance. Vous y trouverez des analyses sur la gestion de clusters, l\u2019optimisation des temps de r\u00e9ponse, ainsi que nos initiatives pour renforcer la s\u00e9curit\u00e9, la fiabilit\u00e9 et l\u2019automatisation des infrastructures. Sowneo Actualit\u00e9s Contactez-nous pour toute [&hellip;]<\/p>\n","protected":false},"author":9,"featured_media":0,"parent":0,"menu_order":0,"comment_status":"closed","ping_status":"closed","template":"","meta":{"footnotes":""},"class_list":["post-280","page","type-page","status-publish","hentry"],"yoast_head":"<!-- This site is optimized with the Yoast SEO plugin v27.4 - https:\/\/yoast.com\/product\/yoast-seo-wordpress\/ -->\n<title>Sowneo Actualit\u00e9s - Infog\u00e9rance et Cloud<\/title>\n<meta name=\"description\" content=\"Retrouvez les derni\u00e8res informations sur Sowneo Actualit\u00e9s relatives \u00e0 notre expertise en infog\u00e9rance et cloud\" \/>\n<meta name=\"robots\" content=\"index, follow, max-snippet:-1, max-image-preview:large, max-video-preview:-1\" \/>\n<link rel=\"canonical\" href=\"https:\/\/www.sowneo.com\/en\/actualites\/\" \/>\n<meta property=\"og:locale\" content=\"en_GB\" \/>\n<meta property=\"og:type\" content=\"article\" \/>\n<meta property=\"og:title\" content=\"Sowneo Actualit\u00e9s - Infog\u00e9rance et Cloud\" \/>\n<meta property=\"og:description\" content=\"Retrouvez les derni\u00e8res informations sur Sowneo Actualit\u00e9s relatives \u00e0 notre expertise en infog\u00e9rance et cloud\" \/>\n<meta property=\"og:url\" content=\"https:\/\/www.sowneo.com\/en\/actualites\/\" \/>\n<meta property=\"og:site_name\" content=\"Sowneo\" \/>\n<meta property=\"article:modified_time\" content=\"2025-10-20T08:03:38+00:00\" \/>\n<meta property=\"og:image\" content=\"https:\/\/www.sowneo.com\/wp-content\/uploads\/sow-client2-sowneo-800x422web.webp\" \/>\n<meta name=\"twitter:card\" content=\"summary_large_image\" \/>\n<meta name=\"twitter:label1\" content=\"Estimated reading time\" \/>\n\t<meta name=\"twitter:data1\" content=\"5 minutes\" \/>\n<script type=\"application\/ld+json\" class=\"yoast-schema-graph\">{\"@context\":\"https:\\\/\\\/schema.org\",\"@graph\":[{\"@type\":\"WebPage\",\"@id\":\"https:\\\/\\\/www.sowneo.com\\\/actualites\\\/\",\"url\":\"https:\\\/\\\/www.sowneo.com\\\/actualites\\\/\",\"name\":\"Sowneo Actualit\u00e9s - Infog\u00e9rance et Cloud\",\"isPartOf\":{\"@id\":\"https:\\\/\\\/www.sowneo.com\\\/#website\"},\"primaryImageOfPage\":{\"@id\":\"https:\\\/\\\/www.sowneo.com\\\/actualites\\\/#primaryimage\"},\"image\":{\"@id\":\"https:\\\/\\\/www.sowneo.com\\\/actualites\\\/#primaryimage\"},\"thumbnailUrl\":\"https:\\\/\\\/www.sowneo.com\\\/wp-content\\\/uploads\\\/sow-client2-sowneo-800x422web.webp\",\"datePublished\":\"2025-04-01T12:47:38+00:00\",\"dateModified\":\"2025-10-20T08:03:38+00:00\",\"description\":\"Retrouvez les derni\u00e8res informations sur Sowneo Actualit\u00e9s relatives \u00e0 notre expertise en infog\u00e9rance et cloud\",\"breadcrumb\":{\"@id\":\"https:\\\/\\\/www.sowneo.com\\\/actualites\\\/#breadcrumb\"},\"inLanguage\":\"en-GB\",\"potentialAction\":[{\"@type\":\"ReadAction\",\"target\":[\"https:\\\/\\\/www.sowneo.com\\\/actualites\\\/\"]}]},{\"@type\":\"ImageObject\",\"inLanguage\":\"en-GB\",\"@id\":\"https:\\\/\\\/www.sowneo.com\\\/actualites\\\/#primaryimage\",\"url\":\"https:\\\/\\\/www.sowneo.com\\\/wp-content\\\/uploads\\\/sow-client2-sowneo-800x422web.webp\",\"contentUrl\":\"https:\\\/\\\/www.sowneo.com\\\/wp-content\\\/uploads\\\/sow-client2-sowneo-800x422web.webp\"},{\"@type\":\"BreadcrumbList\",\"@id\":\"https:\\\/\\\/www.sowneo.com\\\/actualites\\\/#breadcrumb\",\"itemListElement\":[{\"@type\":\"ListItem\",\"position\":1,\"name\":\"Home\",\"item\":\"https:\\\/\\\/www.sowneo.com\\\/\"},{\"@type\":\"ListItem\",\"position\":2,\"name\":\"Actualit\u00e9s\"}]},{\"@type\":\"WebSite\",\"@id\":\"https:\\\/\\\/www.sowneo.com\\\/#website\",\"url\":\"https:\\\/\\\/www.sowneo.com\\\/\",\"name\":\"Sowneo\",\"description\":\"Sowneo\",\"publisher\":{\"@id\":\"https:\\\/\\\/www.sowneo.com\\\/#organization\"},\"potentialAction\":[{\"@type\":\"SearchAction\",\"target\":{\"@type\":\"EntryPoint\",\"urlTemplate\":\"https:\\\/\\\/www.sowneo.com\\\/?s={search_term_string}\"},\"query-input\":{\"@type\":\"PropertyValueSpecification\",\"valueRequired\":true,\"valueName\":\"search_term_string\"}}],\"inLanguage\":\"en-GB\"},{\"@type\":\"Organization\",\"@id\":\"https:\\\/\\\/www.sowneo.com\\\/#organization\",\"name\":\"Sowneo\",\"url\":\"https:\\\/\\\/www.sowneo.com\\\/\",\"logo\":{\"@type\":\"ImageObject\",\"inLanguage\":\"en-GB\",\"@id\":\"https:\\\/\\\/www.sowneo.com\\\/#\\\/schema\\\/logo\\\/image\\\/\",\"url\":\"https:\\\/\\\/www.sowneo.com\\\/wp-content\\\/uploads\\\/logo-sowneo.png\",\"contentUrl\":\"https:\\\/\\\/www.sowneo.com\\\/wp-content\\\/uploads\\\/logo-sowneo.png\",\"width\":186,\"height\":127,\"caption\":\"Sowneo\"},\"image\":{\"@id\":\"https:\\\/\\\/www.sowneo.com\\\/#\\\/schema\\\/logo\\\/image\\\/\"}}]}<\/script>\n<!-- \/ Yoast SEO plugin. -->","yoast_head_json":{"title":"Sowneo Actualit\u00e9s - Infog\u00e9rance et Cloud","description":"Retrouvez les derni\u00e8res informations sur Sowneo Actualit\u00e9s relatives \u00e0 notre expertise en infog\u00e9rance et cloud","robots":{"index":"index","follow":"follow","max-snippet":"max-snippet:-1","max-image-preview":"max-image-preview:large","max-video-preview":"max-video-preview:-1"},"canonical":"https:\/\/www.sowneo.com\/en\/actualites\/","og_locale":"en_GB","og_type":"article","og_title":"Sowneo Actualit\u00e9s - Infog\u00e9rance et Cloud","og_description":"Retrouvez les derni\u00e8res informations sur Sowneo Actualit\u00e9s relatives \u00e0 notre expertise en infog\u00e9rance et cloud","og_url":"https:\/\/www.sowneo.com\/en\/actualites\/","og_site_name":"Sowneo","article_modified_time":"2025-10-20T08:03:38+00:00","og_image":[{"url":"https:\/\/www.sowneo.com\/wp-content\/uploads\/sow-client2-sowneo-800x422web.webp","type":"","width":"","height":""}],"twitter_card":"summary_large_image","twitter_misc":{"Estimated reading time":"5 minutes"},"schema":{"@context":"https:\/\/schema.org","@graph":[{"@type":"WebPage","@id":"https:\/\/www.sowneo.com\/actualites\/","url":"https:\/\/www.sowneo.com\/actualites\/","name":"Sowneo Actualit\u00e9s - Infog\u00e9rance et Cloud","isPartOf":{"@id":"https:\/\/www.sowneo.com\/#website"},"primaryImageOfPage":{"@id":"https:\/\/www.sowneo.com\/actualites\/#primaryimage"},"image":{"@id":"https:\/\/www.sowneo.com\/actualites\/#primaryimage"},"thumbnailUrl":"https:\/\/www.sowneo.com\/wp-content\/uploads\/sow-client2-sowneo-800x422web.webp","datePublished":"2025-04-01T12:47:38+00:00","dateModified":"2025-10-20T08:03:38+00:00","description":"Retrouvez les derni\u00e8res informations sur Sowneo Actualit\u00e9s relatives \u00e0 notre expertise en infog\u00e9rance et cloud","breadcrumb":{"@id":"https:\/\/www.sowneo.com\/actualites\/#breadcrumb"},"inLanguage":"en-GB","potentialAction":[{"@type":"ReadAction","target":["https:\/\/www.sowneo.com\/actualites\/"]}]},{"@type":"ImageObject","inLanguage":"en-GB","@id":"https:\/\/www.sowneo.com\/actualites\/#primaryimage","url":"https:\/\/www.sowneo.com\/wp-content\/uploads\/sow-client2-sowneo-800x422web.webp","contentUrl":"https:\/\/www.sowneo.com\/wp-content\/uploads\/sow-client2-sowneo-800x422web.webp"},{"@type":"BreadcrumbList","@id":"https:\/\/www.sowneo.com\/actualites\/#breadcrumb","itemListElement":[{"@type":"ListItem","position":1,"name":"Home","item":"https:\/\/www.sowneo.com\/"},{"@type":"ListItem","position":2,"name":"Actualit\u00e9s"}]},{"@type":"WebSite","@id":"https:\/\/www.sowneo.com\/#website","url":"https:\/\/www.sowneo.com\/","name":"Sowneo","description":"Sowneo","publisher":{"@id":"https:\/\/www.sowneo.com\/#organization"},"potentialAction":[{"@type":"SearchAction","target":{"@type":"EntryPoint","urlTemplate":"https:\/\/www.sowneo.com\/?s={search_term_string}"},"query-input":{"@type":"PropertyValueSpecification","valueRequired":true,"valueName":"search_term_string"}}],"inLanguage":"en-GB"},{"@type":"Organization","@id":"https:\/\/www.sowneo.com\/#organization","name":"Sowneo","url":"https:\/\/www.sowneo.com\/","logo":{"@type":"ImageObject","inLanguage":"en-GB","@id":"https:\/\/www.sowneo.com\/#\/schema\/logo\/image\/","url":"https:\/\/www.sowneo.com\/wp-content\/uploads\/logo-sowneo.png","contentUrl":"https:\/\/www.sowneo.com\/wp-content\/uploads\/logo-sowneo.png","width":186,"height":127,"caption":"Sowneo"},"image":{"@id":"https:\/\/www.sowneo.com\/#\/schema\/logo\/image\/"}}]}},"_links":{"self":[{"href":"https:\/\/www.sowneo.com\/en\/wp-json\/wp\/v2\/pages\/280","targetHints":{"allow":["GET"]}}],"collection":[{"href":"https:\/\/www.sowneo.com\/en\/wp-json\/wp\/v2\/pages"}],"about":[{"href":"https:\/\/www.sowneo.com\/en\/wp-json\/wp\/v2\/types\/page"}],"author":[{"embeddable":true,"href":"https:\/\/www.sowneo.com\/en\/wp-json\/wp\/v2\/users\/9"}],"replies":[{"embeddable":true,"href":"https:\/\/www.sowneo.com\/en\/wp-json\/wp\/v2\/comments?post=280"}],"version-history":[{"count":5,"href":"https:\/\/www.sowneo.com\/en\/wp-json\/wp\/v2\/pages\/280\/revisions"}],"predecessor-version":[{"id":2175,"href":"https:\/\/www.sowneo.com\/en\/wp-json\/wp\/v2\/pages\/280\/revisions\/2175"}],"wp:attachment":[{"href":"https:\/\/www.sowneo.com\/en\/wp-json\/wp\/v2\/media?parent=280"}],"curies":[{"name":"wp","href":"https:\/\/api.w.org\/{rel}","templated":true}]}}