{"id":251,"date":"2024-10-05T15:38:05","date_gmt":"2024-10-05T15:38:05","guid":{"rendered":"https:\/\/www.sowneo.com\/?page_id=251"},"modified":"2025-07-14T14:30:08","modified_gmt":"2025-07-14T14:30:08","slug":"confidentialite","status":"publish","type":"page","link":"https:\/\/www.sowneo.com\/en\/confidentialite\/","title":{"rendered":"Politique de confidentialit\u00e9"},"content":{"rendered":"<div data-elementor-type=\"wp-page\" data-elementor-id=\"251\" class=\"elementor elementor-251\" data-elementor-post-type=\"page\">\n\t\t\t\t<div class=\"elementor-element elementor-element-36afe6d e-con-full e-flex e-con e-child\" data-id=\"36afe6d\" data-element_type=\"container\" data-settings=\"{&quot;background_background&quot;:&quot;classic&quot;}\">\n\t\t\t\t<div class=\"elementor-element elementor-element-d2ffb1e elementor-widget elementor-widget-heading\" data-id=\"d2ffb1e\" data-element_type=\"widget\" data-widget_type=\"heading.default\">\n\t\t\t\t<div class=\"elementor-widget-container\">\n\t\t\t\t\t<h2 class=\"elementor-heading-title elementor-size-default\">Donn\u00e9es recueillies<\/h2>\t\t\t\t<\/div>\n\t\t\t\t<\/div>\n\t\t\t\t<div class=\"elementor-element elementor-element-10d02d7 elementor-widget elementor-widget-text-editor\" data-id=\"10d02d7\" data-element_type=\"widget\" data-widget_type=\"text-editor.default\">\n\t\t\t\t<div class=\"elementor-widget-container\">\n\t\t\t\t\t\t\t\t\t<p>Votre adresse IP est anonymis\u00e9e et la partie conserv\u00e9e n&rsquo;est utilis\u00e9e que pour identifier le pays. Nous recueillons le type de votre navigateur internet et de votre syst\u00e8me d&rsquo;exploitation. Les donn\u00e9es sont automatiquement effac\u00e9es dans un d\u00e9lai conforme \u00e0 la r\u00e9glementation.<\/p><p>Si ce site web contient un formulaire de contact, votre permission est requise pour l&rsquo;utiliser. Nous recueillons alors les informations que vous nous fournissez, tels que votre nom, votre adresse e-mail et toute autre information pertinente et demand\u00e9e dans le formulaire. Les donn\u00e9es sont automatiquement effac\u00e9es dans un d\u00e9lai conforme \u00e0 la r\u00e9glementation.<\/p>\t\t\t\t\t\t\t\t<\/div>\n\t\t\t\t<\/div>\n\t\t\t\t<div class=\"elementor-element elementor-element-2a88674 elementor-widget elementor-widget-heading\" data-id=\"2a88674\" data-element_type=\"widget\" data-widget_type=\"heading.default\">\n\t\t\t\t<div class=\"elementor-widget-container\">\n\t\t\t\t\t<h2 class=\"elementor-heading-title elementor-size-default\">Finalit\u00e9 des donn\u00e9es<\/h2>\t\t\t\t<\/div>\n\t\t\t\t<\/div>\n\t\t\t\t<div class=\"elementor-element elementor-element-c17d4d6 elementor-widget elementor-widget-text-editor\" data-id=\"c17d4d6\" data-element_type=\"widget\" data-widget_type=\"text-editor.default\">\n\t\t\t\t<div class=\"elementor-widget-container\">\n\t\t\t\t\t\t\t\t\t<p>Selon les cas, l&rsquo;h\u00e9bergeur traite vos donn\u00e9es collect\u00e9es via le site pour les principales finalit\u00e9s suivantes :<\/p><ul><li>La gestion, le traitement et le suivi de vos demandes et de vos \u00e9changes avec la soci\u00e9t\u00e9 ;<\/li><li>L\u2019am\u00e9lioration et l\u2019optimisation de la qualit\u00e9 et des fonctionnalit\u00e9s du site ;<\/li><li>La r\u00e9alisation et l\u2019\u00e9laboration d\u2019\u00e9tudes, d\u2019analyses, de reportings et de statistiques.<\/li><\/ul>\t\t\t\t\t\t\t\t<\/div>\n\t\t\t\t<\/div>\n\t\t\t\t<div class=\"elementor-element elementor-element-38d2bd1 elementor-widget elementor-widget-heading\" data-id=\"38d2bd1\" data-element_type=\"widget\" data-widget_type=\"heading.default\">\n\t\t\t\t<div class=\"elementor-widget-container\">\n\t\t\t\t\t<h2 class=\"elementor-heading-title elementor-size-default\">Gestion des donn\u00e9es<\/h2>\t\t\t\t<\/div>\n\t\t\t\t<\/div>\n\t\t\t\t<div class=\"elementor-element elementor-element-3b6bf2f elementor-widget elementor-widget-text-editor\" data-id=\"3b6bf2f\" data-element_type=\"widget\" data-widget_type=\"text-editor.default\">\n\t\t\t\t<div class=\"elementor-widget-container\">\n\t\t\t\t\t\t\t\t\t<p>Comment le consentement est-il obtenu ?<\/p><ul><li>L&rsquo;acceptation n&rsquo;est jamais acquise par d\u00e9faut. Nous vous demanderons toujours votre consentement explicite, en pr\u00e9cisant le contexte du recueil.<\/li><\/ul><p>Comment puis-je retirer mon consentement ou contr\u00f4ler mes donn\u00e9es ?<\/p><p>Contactez l&rsquo;h\u00e9bergeur\u00a0 :<\/p><ul><li>Si vous ne consentez plus \u00e0 ce que nous puissions les utilisez dans le cadre qui avait \u00e9t\u00e9 convenu ;<\/li><li>Si vous d\u00e9sirez consulter, modifier ou supprimer vos donn\u00e9es personnelles.<\/li><\/ul>\t\t\t\t\t\t\t\t<\/div>\n\t\t\t\t<\/div>\n\t\t\t\t<div class=\"elementor-element elementor-element-6e97544 elementor-widget elementor-widget-heading\" data-id=\"6e97544\" data-element_type=\"widget\" data-widget_type=\"heading.default\">\n\t\t\t\t<div class=\"elementor-widget-container\">\n\t\t\t\t\t<h2 class=\"elementor-heading-title elementor-size-default\">Destination des donn\u00e9es<\/h2>\t\t\t\t<\/div>\n\t\t\t\t<\/div>\n\t\t\t\t<div class=\"elementor-element elementor-element-b14d227 elementor-widget elementor-widget-text-editor\" data-id=\"b14d227\" data-element_type=\"widget\" data-widget_type=\"text-editor.default\">\n\t\t\t\t<div class=\"elementor-widget-container\">\n\t\t\t\t\t\t\t\t\t<p>Vos donn\u00e9es \u00e0 caract\u00e8re personnel sont destin\u00e9es aux services et personnels habilit\u00e9s de la soci\u00e9t\u00e9.<\/p><p>Elles peuvent \u00eatre communiqu\u00e9es, pour certaines des finalit\u00e9s pr\u00e9cit\u00e9es, et ce uniquement si la communication s\u2019av\u00e8re n\u00e9cessaire, au personnel pouvant intervenir dans le cadre des traitements de donn\u00e9es \u00e0 caract\u00e8re personnel sus-vis\u00e9s.<\/p>\t\t\t\t\t\t\t\t<\/div>\n\t\t\t\t<\/div>\n\t\t\t\t<div class=\"elementor-element elementor-element-a1def4f elementor-widget elementor-widget-heading\" data-id=\"a1def4f\" data-element_type=\"widget\" data-widget_type=\"heading.default\">\n\t\t\t\t<div class=\"elementor-widget-container\">\n\t\t\t\t\t<h2 class=\"elementor-heading-title elementor-size-default\">Divulgation des donn\u00e9es<\/h2>\t\t\t\t<\/div>\n\t\t\t\t<\/div>\n\t\t\t\t<div class=\"elementor-element elementor-element-b3101c0 elementor-widget elementor-widget-text-editor\" data-id=\"b3101c0\" data-element_type=\"widget\" data-widget_type=\"text-editor.default\">\n\t\t\t\t<div class=\"elementor-widget-container\">\n\t\t\t\t\t\t\t\t\t<p>Nous pouvons divulguer vos renseignements personnels si la loi nous oblige \u00e0 le faire.<\/p><p>Aucun serveur n&rsquo;est h\u00e9berg\u00e9 aux \u00c9tats-Unis : les donn\u00e9es manipul\u00e9es par l&rsquo;h\u00e9bergeur ne sont pas soumises au Patriot Act.<\/p>\t\t\t\t\t\t\t\t<\/div>\n\t\t\t\t<\/div>\n\t\t\t\t<div class=\"elementor-element elementor-element-8ffc826 elementor-widget elementor-widget-heading\" data-id=\"8ffc826\" data-element_type=\"widget\" data-widget_type=\"heading.default\">\n\t\t\t\t<div class=\"elementor-widget-container\">\n\t\t\t\t\t<h2 class=\"elementor-heading-title elementor-size-default\">S\u00e9curit\u00e9 des donn\u00e9es - pour tous les sites<\/h2>\t\t\t\t<\/div>\n\t\t\t\t<\/div>\n\t\t\t\t<div class=\"elementor-element elementor-element-dbffdd7 elementor-widget elementor-widget-text-editor\" data-id=\"dbffdd7\" data-element_type=\"widget\" data-widget_type=\"text-editor.default\">\n\t\t\t\t<div class=\"elementor-widget-container\">\n\t\t\t\t\t\t\t\t\t<p>Tous nos sites utilisent un niveau de chiffrement \u00e9lev\u00e9.<\/p><p>Vos donn\u00e9es sont recueillies dans l&rsquo;infrastructure de l&rsquo;h\u00e9bergeur et sont prot\u00e9g\u00e9es par un ensemble de dispositions en accord avec les r\u00e8gles d&rsquo;usage.<\/p><p>Nous mettons en \u0153uvre des normes et des pratiques reconnues par l&rsquo;industrie, pour garantir une exigence de s\u00e9curit\u00e9 ad\u00e9quate.<\/p>\t\t\t\t\t\t\t\t<\/div>\n\t\t\t\t<\/div>\n\t\t\t\t<div class=\"elementor-element elementor-element-2144bce elementor-widget elementor-widget-heading\" data-id=\"2144bce\" data-element_type=\"widget\" data-widget_type=\"heading.default\">\n\t\t\t\t<div class=\"elementor-widget-container\">\n\t\t\t\t\t<h2 class=\"elementor-heading-title elementor-size-default\">Liens et sites externes<\/h2>\t\t\t\t<\/div>\n\t\t\t\t<\/div>\n\t\t\t\t<div class=\"elementor-element elementor-element-0aee0e8 elementor-widget elementor-widget-text-editor\" data-id=\"0aee0e8\" data-element_type=\"widget\" data-widget_type=\"text-editor.default\">\n\t\t\t\t<div class=\"elementor-widget-container\">\n\t\t\t\t\t\t\t\t\t<p>Vous pouvez quitter ce site web en cliquant sur certains liens. Ces liens ouvrent g\u00e9n\u00e9ralement un nouvel onglet. Nous ne sommes pas responsables du contenu de ces liens externes.<\/p>\t\t\t\t\t\t\t\t<\/div>\n\t\t\t\t<\/div>\n\t\t\t\t<div class=\"elementor-element elementor-element-5fa04a1 elementor-widget elementor-widget-heading\" data-id=\"5fa04a1\" data-element_type=\"widget\" data-widget_type=\"heading.default\">\n\t\t\t\t<div class=\"elementor-widget-container\">\n\t\t\t\t\t<h2 class=\"elementor-heading-title elementor-size-default\">\u00c2ge de consentement<\/h2>\t\t\t\t<\/div>\n\t\t\t\t<\/div>\n\t\t\t\t<div class=\"elementor-element elementor-element-cfc17d8 elementor-widget elementor-widget-text-editor\" data-id=\"cfc17d8\" data-element_type=\"widget\" data-widget_type=\"text-editor.default\">\n\t\t\t\t<div class=\"elementor-widget-container\">\n\t\t\t\t\t\t\t\t\t<p>En utilisant ce site, vous d\u00e9clarez que vous avez au moins l\u2019\u00e2ge de la majorit\u00e9 dans votre \u00c9tat et que vous nous avez accord\u00e9 votre consentement pour permettre \u00e0 toute personne d\u2019\u00e2ge mineur \u00e0 votre charge d\u2019utiliser ce site web.<\/p>\t\t\t\t\t\t\t\t<\/div>\n\t\t\t\t<\/div>\n\t\t\t\t<div class=\"elementor-element elementor-element-c35472a elementor-widget elementor-widget-heading\" data-id=\"c35472a\" data-element_type=\"widget\" data-widget_type=\"heading.default\">\n\t\t\t\t<div class=\"elementor-widget-container\">\n\t\t\t\t\t<h2 class=\"elementor-heading-title elementor-size-default\">Modification de la politique de confidentialit\u00e9<\/h2>\t\t\t\t<\/div>\n\t\t\t\t<\/div>\n\t\t\t\t<div class=\"elementor-element elementor-element-b65c9ae elementor-widget elementor-widget-text-editor\" data-id=\"b65c9ae\" data-element_type=\"widget\" data-widget_type=\"text-editor.default\">\n\t\t\t\t<div class=\"elementor-widget-container\">\n\t\t\t\t\t\t\t\t\t<p>Veuillez consulter cette politique de confidentialit\u00e9 fr\u00e9quemment car elle susceptible d&rsquo;\u00eatre mise \u00e0 jour \u00e0 tout moment. Les changements prendront effet imm\u00e9diatement apr\u00e8s leur publication sur ce site web. Par ailleurs, tous les formulaires de collecte de donn\u00e9es \u00e0 caract\u00e8re personnel figurant sur notre site proposent un lien vers la pr\u00e9sente politique.<\/p>\t\t\t\t\t\t\t\t<\/div>\n\t\t\t\t<\/div>\n\t\t\t\t<div class=\"elementor-element elementor-element-42dfd48 elementor-widget elementor-widget-heading\" data-id=\"42dfd48\" data-element_type=\"widget\" data-widget_type=\"heading.default\">\n\t\t\t\t<div class=\"elementor-widget-container\">\n\t\t\t\t\t<h2 class=\"elementor-heading-title elementor-size-default\">Cookies utilis\u00e9s<\/h2>\t\t\t\t<\/div>\n\t\t\t\t<\/div>\n\t\t\t\t<div class=\"elementor-element elementor-element-1c49848 elementor-widget elementor-widget-text-editor\" data-id=\"1c49848\" data-element_type=\"widget\" data-widget_type=\"text-editor.default\">\n\t\t\t\t<div class=\"elementor-widget-container\">\n\t\t\t\t\t\t\t\t\t<p>Le site web utilise des cookies conformes au RGPD pour :<\/p><ul><li>Des besoins fonctionnels ;<\/li><li>Obtenir des statistiques anonymes de navigation afin d\u2019am\u00e9liorer l\u2019exp\u00e9rience de l\u2019utilisateur ;<\/li><li>Permettre l\u2019acc\u00e8s \u00e0 un compte de membre et \u00e0 du contenu qui n\u2019est pas accessible sans connexion.<\/li><\/ul><div>\u00a0<\/div><p>L\u2019utilisateur reconna\u00eet \u00eatre inform\u00e9 de cette pratique et autorise l\u2019h\u00e9bergeur \u00e0 y recourir.<\/p><p>Les cookies sont seulement enregistr\u00e9s temporairement sur l&rsquo;ordinateur de l&rsquo;utilisateur. L\u2019utilisateur peut refuser l\u2019enregistrement des cookies et configurer son navigateur pour \u00eatre pr\u00e9venu pr\u00e9alablement \u00e0 l\u2019acceptation des cookies. Pour ce faire, l\u2019utilisateur proc\u00e9dera au param\u00e9trage de son navigateur en ce sens.<\/p>\t\t\t\t\t\t\t\t<\/div>\n\t\t\t\t<\/div>\n\t\t\t\t<\/div>\n\t\t\t\t<\/div>","protected":false},"excerpt":{"rendered":"<p>Donn\u00e9es recueillies Votre adresse IP est anonymis\u00e9e et la partie conserv\u00e9e n&rsquo;est utilis\u00e9e que pour identifier le pays. Nous recueillons le type de votre navigateur internet et de votre syst\u00e8me d&rsquo;exploitation. Les donn\u00e9es sont automatiquement effac\u00e9es dans un d\u00e9lai conforme \u00e0 la r\u00e9glementation. Si ce site web contient un formulaire de contact, votre permission est [&hellip;]<\/p>\n","protected":false},"author":8,"featured_media":0,"parent":0,"menu_order":0,"comment_status":"closed","ping_status":"closed","template":"","meta":{"footnotes":""},"class_list":["post-251","page","type-page","status-publish","hentry"],"yoast_head":"<!-- This site is optimized with the Yoast SEO plugin v27.4 - https:\/\/yoast.com\/product\/yoast-seo-wordpress\/ -->\n<title>Politique de confidentialit\u00e9 - Sowneo<\/title>\n<meta name=\"robots\" content=\"index, follow, max-snippet:-1, max-image-preview:large, max-video-preview:-1\" \/>\n<link rel=\"canonical\" href=\"https:\/\/www.sowneo.com\/en\/confidentialite\/\" \/>\n<meta property=\"og:locale\" content=\"en_GB\" \/>\n<meta property=\"og:type\" content=\"article\" \/>\n<meta property=\"og:title\" content=\"Politique de confidentialit\u00e9 - Sowneo\" \/>\n<meta property=\"og:description\" content=\"Donn\u00e9es recueillies Votre adresse IP est anonymis\u00e9e et la partie conserv\u00e9e n&rsquo;est utilis\u00e9e que pour identifier le pays. Nous recueillons le type de votre navigateur internet et de votre syst\u00e8me d&rsquo;exploitation. Les donn\u00e9es sont automatiquement effac\u00e9es dans un d\u00e9lai conforme \u00e0 la r\u00e9glementation. Si ce site web contient un formulaire de contact, votre permission est [&hellip;]\" \/>\n<meta property=\"og:url\" content=\"https:\/\/www.sowneo.com\/en\/confidentialite\/\" \/>\n<meta property=\"og:site_name\" content=\"Sowneo\" \/>\n<meta property=\"article:modified_time\" content=\"2025-07-14T14:30:08+00:00\" \/>\n<meta name=\"twitter:card\" content=\"summary_large_image\" \/>\n<meta name=\"twitter:label1\" content=\"Estimated reading time\" \/>\n\t<meta name=\"twitter:data1\" content=\"4 minutes\" \/>\n<script type=\"application\/ld+json\" class=\"yoast-schema-graph\">{\"@context\":\"https:\\\/\\\/schema.org\",\"@graph\":[{\"@type\":\"WebPage\",\"@id\":\"https:\\\/\\\/www.sowneo.com\\\/confidentialite\\\/\",\"url\":\"https:\\\/\\\/www.sowneo.com\\\/confidentialite\\\/\",\"name\":\"Politique de confidentialit\u00e9 - Sowneo\",\"isPartOf\":{\"@id\":\"https:\\\/\\\/www.sowneo.com\\\/#website\"},\"datePublished\":\"2024-10-05T15:38:05+00:00\",\"dateModified\":\"2025-07-14T14:30:08+00:00\",\"breadcrumb\":{\"@id\":\"https:\\\/\\\/www.sowneo.com\\\/confidentialite\\\/#breadcrumb\"},\"inLanguage\":\"en-GB\",\"potentialAction\":[{\"@type\":\"ReadAction\",\"target\":[\"https:\\\/\\\/www.sowneo.com\\\/confidentialite\\\/\"]}]},{\"@type\":\"BreadcrumbList\",\"@id\":\"https:\\\/\\\/www.sowneo.com\\\/confidentialite\\\/#breadcrumb\",\"itemListElement\":[{\"@type\":\"ListItem\",\"position\":1,\"name\":\"Home\",\"item\":\"https:\\\/\\\/www.sowneo.com\\\/\"},{\"@type\":\"ListItem\",\"position\":2,\"name\":\"Politique de confidentialit\u00e9\"}]},{\"@type\":\"WebSite\",\"@id\":\"https:\\\/\\\/www.sowneo.com\\\/#website\",\"url\":\"https:\\\/\\\/www.sowneo.com\\\/\",\"name\":\"Sowneo\",\"description\":\"Sowneo\",\"publisher\":{\"@id\":\"https:\\\/\\\/www.sowneo.com\\\/#organization\"},\"potentialAction\":[{\"@type\":\"SearchAction\",\"target\":{\"@type\":\"EntryPoint\",\"urlTemplate\":\"https:\\\/\\\/www.sowneo.com\\\/?s={search_term_string}\"},\"query-input\":{\"@type\":\"PropertyValueSpecification\",\"valueRequired\":true,\"valueName\":\"search_term_string\"}}],\"inLanguage\":\"en-GB\"},{\"@type\":\"Organization\",\"@id\":\"https:\\\/\\\/www.sowneo.com\\\/#organization\",\"name\":\"Sowneo\",\"url\":\"https:\\\/\\\/www.sowneo.com\\\/\",\"logo\":{\"@type\":\"ImageObject\",\"inLanguage\":\"en-GB\",\"@id\":\"https:\\\/\\\/www.sowneo.com\\\/#\\\/schema\\\/logo\\\/image\\\/\",\"url\":\"https:\\\/\\\/www.sowneo.com\\\/wp-content\\\/uploads\\\/logo-sowneo.png\",\"contentUrl\":\"https:\\\/\\\/www.sowneo.com\\\/wp-content\\\/uploads\\\/logo-sowneo.png\",\"width\":186,\"height\":127,\"caption\":\"Sowneo\"},\"image\":{\"@id\":\"https:\\\/\\\/www.sowneo.com\\\/#\\\/schema\\\/logo\\\/image\\\/\"}}]}<\/script>\n<!-- \/ Yoast SEO plugin. -->","yoast_head_json":{"title":"Politique de confidentialit\u00e9 - Sowneo","robots":{"index":"index","follow":"follow","max-snippet":"max-snippet:-1","max-image-preview":"max-image-preview:large","max-video-preview":"max-video-preview:-1"},"canonical":"https:\/\/www.sowneo.com\/en\/confidentialite\/","og_locale":"en_GB","og_type":"article","og_title":"Politique de confidentialit\u00e9 - Sowneo","og_description":"Donn\u00e9es recueillies Votre adresse IP est anonymis\u00e9e et la partie conserv\u00e9e n&rsquo;est utilis\u00e9e que pour identifier le pays. Nous recueillons le type de votre navigateur internet et de votre syst\u00e8me d&rsquo;exploitation. Les donn\u00e9es sont automatiquement effac\u00e9es dans un d\u00e9lai conforme \u00e0 la r\u00e9glementation. Si ce site web contient un formulaire de contact, votre permission est [&hellip;]","og_url":"https:\/\/www.sowneo.com\/en\/confidentialite\/","og_site_name":"Sowneo","article_modified_time":"2025-07-14T14:30:08+00:00","twitter_card":"summary_large_image","twitter_misc":{"Estimated reading time":"4 minutes"},"schema":{"@context":"https:\/\/schema.org","@graph":[{"@type":"WebPage","@id":"https:\/\/www.sowneo.com\/confidentialite\/","url":"https:\/\/www.sowneo.com\/confidentialite\/","name":"Politique de confidentialit\u00e9 - Sowneo","isPartOf":{"@id":"https:\/\/www.sowneo.com\/#website"},"datePublished":"2024-10-05T15:38:05+00:00","dateModified":"2025-07-14T14:30:08+00:00","breadcrumb":{"@id":"https:\/\/www.sowneo.com\/confidentialite\/#breadcrumb"},"inLanguage":"en-GB","potentialAction":[{"@type":"ReadAction","target":["https:\/\/www.sowneo.com\/confidentialite\/"]}]},{"@type":"BreadcrumbList","@id":"https:\/\/www.sowneo.com\/confidentialite\/#breadcrumb","itemListElement":[{"@type":"ListItem","position":1,"name":"Home","item":"https:\/\/www.sowneo.com\/"},{"@type":"ListItem","position":2,"name":"Politique de confidentialit\u00e9"}]},{"@type":"WebSite","@id":"https:\/\/www.sowneo.com\/#website","url":"https:\/\/www.sowneo.com\/","name":"Sowneo","description":"Sowneo","publisher":{"@id":"https:\/\/www.sowneo.com\/#organization"},"potentialAction":[{"@type":"SearchAction","target":{"@type":"EntryPoint","urlTemplate":"https:\/\/www.sowneo.com\/?s={search_term_string}"},"query-input":{"@type":"PropertyValueSpecification","valueRequired":true,"valueName":"search_term_string"}}],"inLanguage":"en-GB"},{"@type":"Organization","@id":"https:\/\/www.sowneo.com\/#organization","name":"Sowneo","url":"https:\/\/www.sowneo.com\/","logo":{"@type":"ImageObject","inLanguage":"en-GB","@id":"https:\/\/www.sowneo.com\/#\/schema\/logo\/image\/","url":"https:\/\/www.sowneo.com\/wp-content\/uploads\/logo-sowneo.png","contentUrl":"https:\/\/www.sowneo.com\/wp-content\/uploads\/logo-sowneo.png","width":186,"height":127,"caption":"Sowneo"},"image":{"@id":"https:\/\/www.sowneo.com\/#\/schema\/logo\/image\/"}}]}},"_links":{"self":[{"href":"https:\/\/www.sowneo.com\/en\/wp-json\/wp\/v2\/pages\/251","targetHints":{"allow":["GET"]}}],"collection":[{"href":"https:\/\/www.sowneo.com\/en\/wp-json\/wp\/v2\/pages"}],"about":[{"href":"https:\/\/www.sowneo.com\/en\/wp-json\/wp\/v2\/types\/page"}],"author":[{"embeddable":true,"href":"https:\/\/www.sowneo.com\/en\/wp-json\/wp\/v2\/users\/8"}],"replies":[{"embeddable":true,"href":"https:\/\/www.sowneo.com\/en\/wp-json\/wp\/v2\/comments?post=251"}],"version-history":[{"count":5,"href":"https:\/\/www.sowneo.com\/en\/wp-json\/wp\/v2\/pages\/251\/revisions"}],"predecessor-version":[{"id":425,"href":"https:\/\/www.sowneo.com\/en\/wp-json\/wp\/v2\/pages\/251\/revisions\/425"}],"wp:attachment":[{"href":"https:\/\/www.sowneo.com\/en\/wp-json\/wp\/v2\/media?parent=251"}],"curies":[{"name":"wp","href":"https:\/\/api.w.org\/{rel}","templated":true}]}}