{"id":246,"date":"2024-10-05T15:35:53","date_gmt":"2024-10-05T15:35:53","guid":{"rendered":"https:\/\/www.sowneo.com\/?page_id=246"},"modified":"2025-06-17T13:38:38","modified_gmt":"2025-06-17T13:38:38","slug":"mentions-legales","status":"publish","type":"page","link":"https:\/\/www.sowneo.com\/en\/mentions-legales\/","title":{"rendered":"Legal Notice"},"content":{"rendered":"<div data-elementor-type=\"wp-page\" data-elementor-id=\"246\" class=\"elementor elementor-246\" data-elementor-post-type=\"page\">\n\t\t\t\t<div class=\"elementor-element elementor-element-20b3ca1 e-flex e-con-boxed e-con e-child\" data-id=\"20b3ca1\" data-element_type=\"container\" data-settings=\"{&quot;background_background&quot;:&quot;classic&quot;}\">\n\t\t\t\t\t<div class=\"e-con-inner\">\n\t\t\t\t<div class=\"elementor-element elementor-element-a7b7a24 elementor-widget elementor-widget-heading\" data-id=\"a7b7a24\" data-element_type=\"widget\" data-widget_type=\"heading.default\">\n\t\t\t\t<div class=\"elementor-widget-container\">\n\t\t\t\t\t<h2 class=\"elementor-heading-title elementor-size-default\">\u00c9diteur de la publication<\/h2>\t\t\t\t<\/div>\n\t\t\t\t<\/div>\n\t\t\t\t<div class=\"elementor-element elementor-element-96e5126 elementor-widget elementor-widget-text-editor\" data-id=\"96e5126\" data-element_type=\"widget\" data-widget_type=\"text-editor.default\">\n\t\t\t\t<div class=\"elementor-widget-container\">\n\t\t\t\t\t\t\t\t\t<p>Sowebio SARL<\/p><p>15 rue du Temple<br \/>17310 St Pierre d\u2019Ol\u00e9ron<br \/>T\u00e9l : <a href=\"tel:+33546855840\" target=\"_blank\" rel=\"noopener\">05 46 85 58 40<\/a><\/p><p><a href=\"mailto:contact@soweb.io\" target=\"_blank\" rel=\"noopener\">contact@soweb.io<\/a><br \/><a href=\"https:\/\/www.soweb.io\" target=\"_blank\" rel=\"noopener\">www.soweb.io<\/a><\/p><p>RCS La Rochelle : 844 060 046<br \/>SIRET : 844016004600019<\/p>\t\t\t\t\t\t\t\t<\/div>\n\t\t\t\t<\/div>\n\t\t\t\t<div class=\"elementor-element elementor-element-c0b2763 elementor-widget elementor-widget-heading\" data-id=\"c0b2763\" data-element_type=\"widget\" data-widget_type=\"heading.default\">\n\t\t\t\t<div class=\"elementor-widget-container\">\n\t\t\t\t\t<h2 class=\"elementor-heading-title elementor-size-default\">Conception et H\u00e9bergement<\/h2>\t\t\t\t<\/div>\n\t\t\t\t<\/div>\n\t\t<div class=\"elementor-element elementor-element-99f8fdf e-con-full e-flex e-con e-child\" data-id=\"99f8fdf\" data-element_type=\"container\" data-settings=\"{&quot;background_background&quot;:&quot;classic&quot;}\">\n\t\t\t\t<div class=\"elementor-element elementor-element-592e328 elementor-widget elementor-widget-image\" data-id=\"592e328\" data-element_type=\"widget\" data-widget_type=\"image.default\">\n\t\t\t\t<div class=\"elementor-widget-container\">\n\t\t\t\t\t\t\t\t\t\t\t\t\t\t\t<img fetchpriority=\"high\" decoding=\"async\" width=\"300\" height=\"188\" src=\"https:\/\/www.sowneo.com\/wp-content\/uploads\/sow-le_cartouche_sowebio-400x250web.jpg\" class=\"attachment-medium size-medium wp-image-225\" alt=\"\" \/>\t\t\t\t\t\t\t\t\t\t\t\t\t\t\t<\/div>\n\t\t\t\t<\/div>\n\t\t\t\t<\/div>\n\t\t\t\t<div class=\"elementor-element elementor-element-ba6d698 elementor-widget elementor-widget-text-editor\" data-id=\"ba6d698\" data-element_type=\"widget\" data-widget_type=\"text-editor.default\">\n\t\t\t\t<div class=\"elementor-widget-container\">\n\t\t\t\t\t\t\t\t\t<p>L\u2019h\u00e9bergeur assure l\u2019infog\u00e9rance des sites web et des services associ\u00e9s (serveurs emails, cloud drives, analyses statistiques, sauvegardes, supervision, etc.) avec ses propres serveurs physiques, en s\u2019appuyant sur une expertise multi-domaines.<\/p><p>Sowebio poss\u00e8de son propre r\u00e9seau priv\u00e9 europ\u00e9en \u00e0 2 Gbps, qui s\u2019appuie sur le r\u00e9seau \u00e0 fibre optique d\u2019OVHcloud.<\/p><p>Conform\u00e9ment au RGPD, l\u2019infrastructure est exclusivement localis\u00e9e en France (Gravelines, Paris, Roubaix, Strasbourg) et en Europe (Francfort), dans les datacentres d\u2019OVHcloud, premier h\u00e9bergeur europ\u00e9en.<\/p><p>L\u2019infrastructure b\u00e9n\u00e9ficie du r\u00e9seau mondial en fibre optique d\u2019OVHcloud et de plusieurs dizaines de points de pr\u00e9sence et de datacentres sur les principaux continents mais \u00e9galement de la technologie de protection contre les attaques par d\u00e9ni de service distribu\u00e9 la plus performante du march\u00e9.<\/p>\t\t\t\t\t\t\t\t<\/div>\n\t\t\t\t<\/div>\n\t\t\t\t<div class=\"elementor-element elementor-element-9eb19a6 elementor-widget elementor-widget-heading\" data-id=\"9eb19a6\" data-element_type=\"widget\" data-widget_type=\"heading.default\">\n\t\t\t\t<div class=\"elementor-widget-container\">\n\t\t\t\t\t<h2 class=\"elementor-heading-title elementor-size-default\">Propri\u00e9t\u00e9 intellectuelle<\/h2>\t\t\t\t<\/div>\n\t\t\t\t<\/div>\n\t\t\t\t<div class=\"elementor-element elementor-element-a502089 elementor-widget elementor-widget-text-editor\" data-id=\"a502089\" data-element_type=\"widget\" data-widget_type=\"text-editor.default\">\n\t\t\t\t<div class=\"elementor-widget-container\">\n\t\t\t\t\t\t\t\t\t<p>Le site et les \u00e9l\u00e9ments qui le composent peuvent contenir des informations confidentielles ou des informations prot\u00e9g\u00e9es par la l\u00e9gislation sur la propri\u00e9t\u00e9 intellectuelle ou toute autre loi applicable.<\/p><p>Les droits de propri\u00e9t\u00e9 intellectuelle sur le contenu original du site sont la propri\u00e9t\u00e9 exclusive de l\u2019\u00e9diteur. Il est strictement interdit \u00e0 l\u2019utilisateur du site de copier, modifier, cr\u00e9er une \u0153uvre d\u00e9riv\u00e9e, assembler, d\u00e9compiler, c\u00e9der, sous-licencier ou transf\u00e9rer, de quelque mani\u00e8re que ce soit, tout \u00e9l\u00e9ment du site.<\/p>\t\t\t\t\t\t\t\t<\/div>\n\t\t\t\t<\/div>\n\t\t\t\t<div class=\"elementor-element elementor-element-140f003 elementor-widget elementor-widget-heading\" data-id=\"140f003\" data-element_type=\"widget\" data-widget_type=\"heading.default\">\n\t\t\t\t<div class=\"elementor-widget-container\">\n\t\t\t\t\t<h2 class=\"elementor-heading-title elementor-size-default\">Cr\u00e9dits &amp; Copyrights<\/h2>\t\t\t\t<\/div>\n\t\t\t\t<\/div>\n\t\t\t\t<div class=\"elementor-element elementor-element-b69b0b5 elementor-widget elementor-widget-text-editor\" data-id=\"b69b0b5\" data-element_type=\"widget\" data-widget_type=\"text-editor.default\">\n\t\t\t\t<div class=\"elementor-widget-container\">\n\t\t\t\t\t\t\t\t\t<p>Sowebio, DC Studio on Freepik, Freepik.<\/p>\t\t\t\t\t\t\t\t<\/div>\n\t\t\t\t<\/div>\n\t\t\t\t\t<\/div>\n\t\t\t\t<\/div>\n\t\t\t\t<\/div>","protected":false},"excerpt":{"rendered":"<p>\u00c9diteur de la publication Sowebio SARL 15 rue du Temple17310 St Pierre d\u2019Ol\u00e9ronT\u00e9l : 05 46 85 58 40 contact@soweb.iowww.soweb.io RCS La Rochelle : 844 060 046SIRET : 844016004600019 Conception et H\u00e9bergement L\u2019h\u00e9bergeur assure l\u2019infog\u00e9rance des sites web et des services associ\u00e9s (serveurs emails, cloud drives, analyses statistiques, sauvegardes, supervision, etc.) avec ses propres serveurs [&hellip;]<\/p>\n","protected":false},"author":8,"featured_media":0,"parent":0,"menu_order":0,"comment_status":"closed","ping_status":"closed","template":"","meta":{"footnotes":""},"class_list":["post-246","page","type-page","status-publish","hentry"],"yoast_head":"<!-- This site is optimized with the Yoast SEO plugin v27.4 - https:\/\/yoast.com\/product\/yoast-seo-wordpress\/ -->\n<title>Mentions l\u00e9gales - Sowneo<\/title>\n<meta name=\"robots\" content=\"index, follow, max-snippet:-1, max-image-preview:large, max-video-preview:-1\" \/>\n<link rel=\"canonical\" href=\"https:\/\/www.sowneo.com\/en\/mentions-legales\/\" \/>\n<meta property=\"og:locale\" content=\"en_GB\" \/>\n<meta property=\"og:type\" content=\"article\" \/>\n<meta property=\"og:title\" content=\"Mentions l\u00e9gales - Sowneo\" \/>\n<meta property=\"og:description\" content=\"\u00c9diteur de la publication Sowebio SARL 15 rue du Temple17310 St Pierre d\u2019Ol\u00e9ronT\u00e9l : 05 46 85 58 40 contact@soweb.iowww.soweb.io RCS La Rochelle : 844 060 046SIRET : 844016004600019 Conception et H\u00e9bergement L\u2019h\u00e9bergeur assure l\u2019infog\u00e9rance des sites web et des services associ\u00e9s (serveurs emails, cloud drives, analyses statistiques, sauvegardes, supervision, etc.) avec ses propres serveurs [&hellip;]\" \/>\n<meta property=\"og:url\" content=\"https:\/\/www.sowneo.com\/en\/mentions-legales\/\" \/>\n<meta property=\"og:site_name\" content=\"Sowneo\" \/>\n<meta property=\"article:modified_time\" content=\"2025-06-17T13:38:38+00:00\" \/>\n<meta property=\"og:image\" content=\"https:\/\/www.sowneo.com\/wp-content\/uploads\/sow-le_cartouche_sowebio-400x250web.jpg\" \/>\n\t<meta property=\"og:image:width\" content=\"400\" \/>\n\t<meta property=\"og:image:height\" content=\"250\" \/>\n\t<meta property=\"og:image:type\" content=\"image\/jpeg\" \/>\n<meta name=\"twitter:card\" content=\"summary_large_image\" \/>\n<meta name=\"twitter:label1\" content=\"Estimated reading time\" \/>\n\t<meta name=\"twitter:data1\" content=\"2 minutes\" \/>\n<script type=\"application\/ld+json\" class=\"yoast-schema-graph\">{\"@context\":\"https:\\\/\\\/schema.org\",\"@graph\":[{\"@type\":\"WebPage\",\"@id\":\"https:\\\/\\\/www.sowneo.com\\\/mentions-legales\\\/\",\"url\":\"https:\\\/\\\/www.sowneo.com\\\/mentions-legales\\\/\",\"name\":\"Mentions l\u00e9gales - Sowneo\",\"isPartOf\":{\"@id\":\"https:\\\/\\\/www.sowneo.com\\\/#website\"},\"primaryImageOfPage\":{\"@id\":\"https:\\\/\\\/www.sowneo.com\\\/mentions-legales\\\/#primaryimage\"},\"image\":{\"@id\":\"https:\\\/\\\/www.sowneo.com\\\/mentions-legales\\\/#primaryimage\"},\"thumbnailUrl\":\"https:\\\/\\\/www.sowneo.com\\\/wp-content\\\/uploads\\\/sow-le_cartouche_sowebio-400x250web.jpg\",\"datePublished\":\"2024-10-05T15:35:53+00:00\",\"dateModified\":\"2025-06-17T13:38:38+00:00\",\"breadcrumb\":{\"@id\":\"https:\\\/\\\/www.sowneo.com\\\/mentions-legales\\\/#breadcrumb\"},\"inLanguage\":\"en-GB\",\"potentialAction\":[{\"@type\":\"ReadAction\",\"target\":[\"https:\\\/\\\/www.sowneo.com\\\/mentions-legales\\\/\"]}]},{\"@type\":\"ImageObject\",\"inLanguage\":\"en-GB\",\"@id\":\"https:\\\/\\\/www.sowneo.com\\\/mentions-legales\\\/#primaryimage\",\"url\":\"https:\\\/\\\/www.sowneo.com\\\/wp-content\\\/uploads\\\/sow-le_cartouche_sowebio-400x250web.jpg\",\"contentUrl\":\"https:\\\/\\\/www.sowneo.com\\\/wp-content\\\/uploads\\\/sow-le_cartouche_sowebio-400x250web.jpg\"},{\"@type\":\"BreadcrumbList\",\"@id\":\"https:\\\/\\\/www.sowneo.com\\\/mentions-legales\\\/#breadcrumb\",\"itemListElement\":[{\"@type\":\"ListItem\",\"position\":1,\"name\":\"Home\",\"item\":\"https:\\\/\\\/www.sowneo.com\\\/\"},{\"@type\":\"ListItem\",\"position\":2,\"name\":\"Mentions l\u00e9gales\"}]},{\"@type\":\"WebSite\",\"@id\":\"https:\\\/\\\/www.sowneo.com\\\/#website\",\"url\":\"https:\\\/\\\/www.sowneo.com\\\/\",\"name\":\"Sowneo\",\"description\":\"Sowneo\",\"publisher\":{\"@id\":\"https:\\\/\\\/www.sowneo.com\\\/#organization\"},\"potentialAction\":[{\"@type\":\"SearchAction\",\"target\":{\"@type\":\"EntryPoint\",\"urlTemplate\":\"https:\\\/\\\/www.sowneo.com\\\/?s={search_term_string}\"},\"query-input\":{\"@type\":\"PropertyValueSpecification\",\"valueRequired\":true,\"valueName\":\"search_term_string\"}}],\"inLanguage\":\"en-GB\"},{\"@type\":\"Organization\",\"@id\":\"https:\\\/\\\/www.sowneo.com\\\/#organization\",\"name\":\"Sowneo\",\"url\":\"https:\\\/\\\/www.sowneo.com\\\/\",\"logo\":{\"@type\":\"ImageObject\",\"inLanguage\":\"en-GB\",\"@id\":\"https:\\\/\\\/www.sowneo.com\\\/#\\\/schema\\\/logo\\\/image\\\/\",\"url\":\"https:\\\/\\\/www.sowneo.com\\\/wp-content\\\/uploads\\\/logo-sowneo.png\",\"contentUrl\":\"https:\\\/\\\/www.sowneo.com\\\/wp-content\\\/uploads\\\/logo-sowneo.png\",\"width\":186,\"height\":127,\"caption\":\"Sowneo\"},\"image\":{\"@id\":\"https:\\\/\\\/www.sowneo.com\\\/#\\\/schema\\\/logo\\\/image\\\/\"}}]}<\/script>\n<!-- \/ Yoast SEO plugin. -->","yoast_head_json":{"title":"Mentions l\u00e9gales - Sowneo","robots":{"index":"index","follow":"follow","max-snippet":"max-snippet:-1","max-image-preview":"max-image-preview:large","max-video-preview":"max-video-preview:-1"},"canonical":"https:\/\/www.sowneo.com\/en\/mentions-legales\/","og_locale":"en_GB","og_type":"article","og_title":"Mentions l\u00e9gales - Sowneo","og_description":"\u00c9diteur de la publication Sowebio SARL 15 rue du Temple17310 St Pierre d\u2019Ol\u00e9ronT\u00e9l : 05 46 85 58 40 contact@soweb.iowww.soweb.io RCS La Rochelle : 844 060 046SIRET : 844016004600019 Conception et H\u00e9bergement L\u2019h\u00e9bergeur assure l\u2019infog\u00e9rance des sites web et des services associ\u00e9s (serveurs emails, cloud drives, analyses statistiques, sauvegardes, supervision, etc.) avec ses propres serveurs [&hellip;]","og_url":"https:\/\/www.sowneo.com\/en\/mentions-legales\/","og_site_name":"Sowneo","article_modified_time":"2025-06-17T13:38:38+00:00","og_image":[{"width":400,"height":250,"url":"https:\/\/www.sowneo.com\/wp-content\/uploads\/sow-le_cartouche_sowebio-400x250web.jpg","type":"image\/jpeg"}],"twitter_card":"summary_large_image","twitter_misc":{"Estimated reading time":"2 minutes"},"schema":{"@context":"https:\/\/schema.org","@graph":[{"@type":"WebPage","@id":"https:\/\/www.sowneo.com\/mentions-legales\/","url":"https:\/\/www.sowneo.com\/mentions-legales\/","name":"Mentions l\u00e9gales - Sowneo","isPartOf":{"@id":"https:\/\/www.sowneo.com\/#website"},"primaryImageOfPage":{"@id":"https:\/\/www.sowneo.com\/mentions-legales\/#primaryimage"},"image":{"@id":"https:\/\/www.sowneo.com\/mentions-legales\/#primaryimage"},"thumbnailUrl":"https:\/\/www.sowneo.com\/wp-content\/uploads\/sow-le_cartouche_sowebio-400x250web.jpg","datePublished":"2024-10-05T15:35:53+00:00","dateModified":"2025-06-17T13:38:38+00:00","breadcrumb":{"@id":"https:\/\/www.sowneo.com\/mentions-legales\/#breadcrumb"},"inLanguage":"en-GB","potentialAction":[{"@type":"ReadAction","target":["https:\/\/www.sowneo.com\/mentions-legales\/"]}]},{"@type":"ImageObject","inLanguage":"en-GB","@id":"https:\/\/www.sowneo.com\/mentions-legales\/#primaryimage","url":"https:\/\/www.sowneo.com\/wp-content\/uploads\/sow-le_cartouche_sowebio-400x250web.jpg","contentUrl":"https:\/\/www.sowneo.com\/wp-content\/uploads\/sow-le_cartouche_sowebio-400x250web.jpg"},{"@type":"BreadcrumbList","@id":"https:\/\/www.sowneo.com\/mentions-legales\/#breadcrumb","itemListElement":[{"@type":"ListItem","position":1,"name":"Home","item":"https:\/\/www.sowneo.com\/"},{"@type":"ListItem","position":2,"name":"Mentions l\u00e9gales"}]},{"@type":"WebSite","@id":"https:\/\/www.sowneo.com\/#website","url":"https:\/\/www.sowneo.com\/","name":"Sowneo","description":"Sowneo","publisher":{"@id":"https:\/\/www.sowneo.com\/#organization"},"potentialAction":[{"@type":"SearchAction","target":{"@type":"EntryPoint","urlTemplate":"https:\/\/www.sowneo.com\/?s={search_term_string}"},"query-input":{"@type":"PropertyValueSpecification","valueRequired":true,"valueName":"search_term_string"}}],"inLanguage":"en-GB"},{"@type":"Organization","@id":"https:\/\/www.sowneo.com\/#organization","name":"Sowneo","url":"https:\/\/www.sowneo.com\/","logo":{"@type":"ImageObject","inLanguage":"en-GB","@id":"https:\/\/www.sowneo.com\/#\/schema\/logo\/image\/","url":"https:\/\/www.sowneo.com\/wp-content\/uploads\/logo-sowneo.png","contentUrl":"https:\/\/www.sowneo.com\/wp-content\/uploads\/logo-sowneo.png","width":186,"height":127,"caption":"Sowneo"},"image":{"@id":"https:\/\/www.sowneo.com\/#\/schema\/logo\/image\/"}}]}},"_links":{"self":[{"href":"https:\/\/www.sowneo.com\/en\/wp-json\/wp\/v2\/pages\/246","targetHints":{"allow":["GET"]}}],"collection":[{"href":"https:\/\/www.sowneo.com\/en\/wp-json\/wp\/v2\/pages"}],"about":[{"href":"https:\/\/www.sowneo.com\/en\/wp-json\/wp\/v2\/types\/page"}],"author":[{"embeddable":true,"href":"https:\/\/www.sowneo.com\/en\/wp-json\/wp\/v2\/users\/8"}],"replies":[{"embeddable":true,"href":"https:\/\/www.sowneo.com\/en\/wp-json\/wp\/v2\/comments?post=246"}],"version-history":[{"count":5,"href":"https:\/\/www.sowneo.com\/en\/wp-json\/wp\/v2\/pages\/246\/revisions"}],"predecessor-version":[{"id":1058,"href":"https:\/\/www.sowneo.com\/en\/wp-json\/wp\/v2\/pages\/246\/revisions\/1058"}],"wp:attachment":[{"href":"https:\/\/www.sowneo.com\/en\/wp-json\/wp\/v2\/media?parent=246"}],"curies":[{"name":"wp","href":"https:\/\/api.w.org\/{rel}","templated":true}]}}